{"id":1767,"date":"2020-10-21T08:33:44","date_gmt":"2020-11-30T09:34:19","guid":{"rendered":"http:\/\/rayt.com\/?post_type=product&#038;p=1767"},"modified":"2022-09-23T11:52:48","modified_gmt":"2022-09-23T11:52:48","slug":"blumerox-amarillo-02","status":"publish","type":"product","link":"https:\/\/rayt.com\/ca\/producto\/blumerox-amarillo-02\/","title":{"rendered":"Blumerox Amarillo 01"},"content":{"rendered":"<p>Pigment colorant en pols per a ciment (blanc o gris), cal\u00e7, guix i formig\u00f3, en materials de construcci\u00f3. Aplicaci\u00f3 en elements de fa\u00e7ana, teules de formig\u00f3, llambordes, maons, juntes, vorades, etc.<br \/>\n* El color blau no es pot barrejar amb cal\u00e7 o guix.<\/p>\n","protected":false},"excerpt":{"rendered":"<p>Pigment colorant en pols per a ciment (blanc o gris),<\/p>\n","protected":false},"featured_media":0,"comment_status":"open","ping_status":"closed","template":"","meta":{"_acf_changed":false},"product_cat":[436,450],"product_tag":[],"acf":[],"_links":{"self":[{"href":"https:\/\/rayt.com\/ca\/wp-json\/wp\/v2\/product\/1767"}],"collection":[{"href":"https:\/\/rayt.com\/ca\/wp-json\/wp\/v2\/product"}],"about":[{"href":"https:\/\/rayt.com\/ca\/wp-json\/wp\/v2\/types\/product"}],"replies":[{"embeddable":true,"href":"https:\/\/rayt.com\/ca\/wp-json\/wp\/v2\/comments?post=1767"}],"wp:attachment":[{"href":"https:\/\/rayt.com\/ca\/wp-json\/wp\/v2\/media?parent=1767"}],"wp:term":[{"taxonomy":"product_cat","embeddable":true,"href":"https:\/\/rayt.com\/ca\/wp-json\/wp\/v2\/product_cat?post=1767"},{"taxonomy":"product_tag","embeddable":true,"href":"https:\/\/rayt.com\/ca\/wp-json\/wp\/v2\/product_tag?post=1767"}],"curies":[{"name":"wp","href":"https:\/\/api.w.org\/{rel}","templated":true}]}}