{"id":1858,"date":"2020-10-21T08:07:55","date_gmt":"2020-11-30T11:50:01","guid":{"rendered":"http:\/\/rayt.com\/?post_type=product&#038;p=1858"},"modified":"2021-02-01T14:12:41","modified_gmt":"2021-02-01T14:12:41","slug":"blumeplast-latex-plastico-m-10","status":"publish","type":"product","link":"https:\/\/rayt.com\/ca\/producto\/blumeplast-latex-plastico-m-10\/","title":{"rendered":"Blumeplast l\u00e1tex pl\u00e1stico M-10"},"content":{"rendered":"<p>L\u00e0tex pl\u00e0stic vin\u00edlic per segellar superf\u00edcies de guix, ciment, estuc, fusta o cer\u00e0mica, i manualitats com ara quadres o puzles.<\/p>\n<p>Es pot fer servir tamb\u00e9 com a enriquidor de pintures, ja que millora la fixaci\u00f3 i la resist\u00e8ncia a la rentada.<\/p>\n<p>Acabat brillant.<\/p>\n","protected":false},"excerpt":{"rendered":"<p>L\u00e0tex pl\u00e0stic vin\u00edlic per segellar superf\u00edcies de guix, ciment, estuc,<\/p>\n","protected":false},"featured_media":1855,"comment_status":"open","ping_status":"closed","template":"","meta":{"_acf_changed":false},"product_cat":[436,1081],"product_tag":[],"acf":[],"_links":{"self":[{"href":"https:\/\/rayt.com\/ca\/wp-json\/wp\/v2\/product\/1858"}],"collection":[{"href":"https:\/\/rayt.com\/ca\/wp-json\/wp\/v2\/product"}],"about":[{"href":"https:\/\/rayt.com\/ca\/wp-json\/wp\/v2\/types\/product"}],"replies":[{"embeddable":true,"href":"https:\/\/rayt.com\/ca\/wp-json\/wp\/v2\/comments?post=1858"}],"wp:featuredmedia":[{"embeddable":true,"href":"https:\/\/rayt.com\/ca\/wp-json\/wp\/v2\/media\/1855"}],"wp:attachment":[{"href":"https:\/\/rayt.com\/ca\/wp-json\/wp\/v2\/media?parent=1858"}],"wp:term":[{"taxonomy":"product_cat","embeddable":true,"href":"https:\/\/rayt.com\/ca\/wp-json\/wp\/v2\/product_cat?post=1858"},{"taxonomy":"product_tag","embeddable":true,"href":"https:\/\/rayt.com\/ca\/wp-json\/wp\/v2\/product_tag?post=1858"}],"curies":[{"name":"wp","href":"https:\/\/api.w.org\/{rel}","templated":true}]}}