{"id":1866,"date":"2020-10-21T08:15:16","date_gmt":"2020-11-30T12:02:27","guid":{"rendered":"http:\/\/rayt.com\/?post_type=product&#038;p=1866"},"modified":"2021-02-01T14:06:42","modified_gmt":"2021-02-01T14:06:42","slug":"blumeplast-latex-plastico-denso-m-20","status":"publish","type":"product","link":"https:\/\/rayt.com\/ca\/producto\/blumeplast-latex-plastico-denso-m-20\/","title":{"rendered":"Blumeplast l\u00e1tex pl\u00e1stico denso M-20"},"content":{"rendered":"<p>L\u00e0tex pl\u00e0stic dens per segellar superf\u00edcies de guix, ciment, estuc, fusta o cer\u00e0mica, i manualitats.<br \/>\nEs pot fer servir tamb\u00e9 com a enriquidor de pintures, ja que millora la fixaci\u00f3 i la resist\u00e8ncia a la rentada, i com a refor\u00e7ador.<\/p>\n","protected":false},"excerpt":{"rendered":"<p>L\u00e0tex pl\u00e0stic dens per segellar superf\u00edcies de guix, ciment, estuc,<\/p>\n","protected":false},"featured_media":1862,"comment_status":"open","ping_status":"closed","template":"","meta":{"_acf_changed":false},"product_cat":[436,1081],"product_tag":[],"acf":[],"_links":{"self":[{"href":"https:\/\/rayt.com\/ca\/wp-json\/wp\/v2\/product\/1866"}],"collection":[{"href":"https:\/\/rayt.com\/ca\/wp-json\/wp\/v2\/product"}],"about":[{"href":"https:\/\/rayt.com\/ca\/wp-json\/wp\/v2\/types\/product"}],"replies":[{"embeddable":true,"href":"https:\/\/rayt.com\/ca\/wp-json\/wp\/v2\/comments?post=1866"}],"wp:featuredmedia":[{"embeddable":true,"href":"https:\/\/rayt.com\/ca\/wp-json\/wp\/v2\/media\/1862"}],"wp:attachment":[{"href":"https:\/\/rayt.com\/ca\/wp-json\/wp\/v2\/media?parent=1866"}],"wp:term":[{"taxonomy":"product_cat","embeddable":true,"href":"https:\/\/rayt.com\/ca\/wp-json\/wp\/v2\/product_cat?post=1866"},{"taxonomy":"product_tag","embeddable":true,"href":"https:\/\/rayt.com\/ca\/wp-json\/wp\/v2\/product_tag?post=1866"}],"curies":[{"name":"wp","href":"https:\/\/api.w.org\/{rel}","templated":true}]}}