{"id":1931,"date":"2020-12-01T08:30:06","date_gmt":"2020-12-01T08:30:06","guid":{"rendered":"http:\/\/rayt.com\/?post_type=product&#038;p=1931"},"modified":"2020-12-01T08:32:16","modified_gmt":"2020-12-01T08:32:16","slug":"adexplast-777-blanco-mate","status":"publish","type":"product","link":"https:\/\/rayt.com\/ca\/producto\/adexplast-777-blanco-mate\/","title":{"rendered":"Adexplast 777 Blanco Mate"},"content":{"rendered":"<p>Pintura pl\u00e0stica d&#8217;interior i exterior de gran rendiment i cobriment, per aplicar-la sobre tota mena de superf\u00edcies d&#8217;obra de paleta: formig\u00f3, morter, pedra natural, estucs, guix, etc. Acabat mat. Dilu\u00efble en aigua un m\u00e0xim del 5-10\u00a0%. 8-10 m\u00b2\/l\/capa<\/p>\n","protected":false},"excerpt":{"rendered":"<p>Pintura pl\u00e0stica d&#8217;interior i exterior de gran rendiment i cobriment,<\/p>\n","protected":false},"featured_media":8684,"comment_status":"open","ping_status":"closed","template":"","meta":{"_acf_changed":false},"product_cat":[436,453,456],"product_tag":[],"acf":[],"_links":{"self":[{"href":"https:\/\/rayt.com\/ca\/wp-json\/wp\/v2\/product\/1931"}],"collection":[{"href":"https:\/\/rayt.com\/ca\/wp-json\/wp\/v2\/product"}],"about":[{"href":"https:\/\/rayt.com\/ca\/wp-json\/wp\/v2\/types\/product"}],"replies":[{"embeddable":true,"href":"https:\/\/rayt.com\/ca\/wp-json\/wp\/v2\/comments?post=1931"}],"wp:featuredmedia":[{"embeddable":true,"href":"https:\/\/rayt.com\/ca\/wp-json\/wp\/v2\/media\/8684"}],"wp:attachment":[{"href":"https:\/\/rayt.com\/ca\/wp-json\/wp\/v2\/media?parent=1931"}],"wp:term":[{"taxonomy":"product_cat","embeddable":true,"href":"https:\/\/rayt.com\/ca\/wp-json\/wp\/v2\/product_cat?post=1931"},{"taxonomy":"product_tag","embeddable":true,"href":"https:\/\/rayt.com\/ca\/wp-json\/wp\/v2\/product_tag?post=1931"}],"curies":[{"name":"wp","href":"https:\/\/api.w.org\/{rel}","templated":true}]}}