{"id":1944,"date":"2020-12-01T08:50:38","date_gmt":"2020-12-01T08:50:38","guid":{"rendered":"http:\/\/rayt.com\/?post_type=product&#038;p=1944"},"modified":"2020-12-01T08:52:50","modified_gmt":"2020-12-01T08:52:50","slug":"platicsol","status":"publish","type":"product","link":"https:\/\/rayt.com\/ca\/producto\/platicsol\/","title":{"rendered":"Platicsol"},"content":{"rendered":"<p>Pintura pl\u00e0stica de gran rendiment, cobriment i blancor, apta per a interiors i exteriors i amb una gran resist\u00e8ncia al fregament humit. Es pot aplicar en tota mena d&#8217;obres, formig\u00f3, morter, pedra natural o artificial, estucs, guix, etc. Acabat mat.<\/p>\n","protected":false},"excerpt":{"rendered":"<p>Pintura pl\u00e0stica de gran rendiment, cobriment i blancor, apta per<\/p>\n","protected":false},"featured_media":8667,"comment_status":"open","ping_status":"closed","template":"","meta":{"_acf_changed":false},"product_cat":[436,453,456],"product_tag":[],"acf":[],"_links":{"self":[{"href":"https:\/\/rayt.com\/ca\/wp-json\/wp\/v2\/product\/1944"}],"collection":[{"href":"https:\/\/rayt.com\/ca\/wp-json\/wp\/v2\/product"}],"about":[{"href":"https:\/\/rayt.com\/ca\/wp-json\/wp\/v2\/types\/product"}],"replies":[{"embeddable":true,"href":"https:\/\/rayt.com\/ca\/wp-json\/wp\/v2\/comments?post=1944"}],"wp:featuredmedia":[{"embeddable":true,"href":"https:\/\/rayt.com\/ca\/wp-json\/wp\/v2\/media\/8667"}],"wp:attachment":[{"href":"https:\/\/rayt.com\/ca\/wp-json\/wp\/v2\/media?parent=1944"}],"wp:term":[{"taxonomy":"product_cat","embeddable":true,"href":"https:\/\/rayt.com\/ca\/wp-json\/wp\/v2\/product_cat?post=1944"},{"taxonomy":"product_tag","embeddable":true,"href":"https:\/\/rayt.com\/ca\/wp-json\/wp\/v2\/product_tag?post=1944"}],"curies":[{"name":"wp","href":"https:\/\/api.w.org\/{rel}","templated":true}]}}