{"id":1975,"date":"2020-12-01T09:34:43","date_gmt":"2020-12-01T09:37:54","guid":{"rendered":"http:\/\/rayt.com\/?post_type=product&#038;p=1975"},"modified":"2021-02-24T08:26:53","modified_gmt":"2021-02-24T08:26:53","slug":"blumecril-suelos-y-paredes-c-1346-a-2","status":"publish","type":"product","link":"https:\/\/rayt.com\/ca\/producto\/blumecril-suelos-y-paredes-c-1346-a-2\/","title":{"rendered":"Blumecril suelos y paredes C-1346-A"},"content":{"rendered":"<p>Emprimaci\u00f3 \/ pont d&#8217;uni\u00f3 per aplicar abans de la pasta anivelladora, en superf\u00edcies absorbents o no, com ara cer\u00e0mica, pedra, granit o formig\u00f3. Refor\u00e7a bases i parets antigues o fr\u00e0gils, abans de l&#8217;aplicaci\u00f3 de l&#8217;adhesiu.<\/p>\n","protected":false},"excerpt":{"rendered":"<p>Emprimaci\u00f3 \/ pont d&#8217;uni\u00f3 per aplicar abans de la pasta<\/p>\n","protected":false},"featured_media":5303,"comment_status":"open","ping_status":"closed","template":"","meta":{"_acf_changed":false},"product_cat":[436,591],"product_tag":[],"acf":[],"_links":{"self":[{"href":"https:\/\/rayt.com\/ca\/wp-json\/wp\/v2\/product\/1975"}],"collection":[{"href":"https:\/\/rayt.com\/ca\/wp-json\/wp\/v2\/product"}],"about":[{"href":"https:\/\/rayt.com\/ca\/wp-json\/wp\/v2\/types\/product"}],"replies":[{"embeddable":true,"href":"https:\/\/rayt.com\/ca\/wp-json\/wp\/v2\/comments?post=1975"}],"wp:featuredmedia":[{"embeddable":true,"href":"https:\/\/rayt.com\/ca\/wp-json\/wp\/v2\/media\/5303"}],"wp:attachment":[{"href":"https:\/\/rayt.com\/ca\/wp-json\/wp\/v2\/media?parent=1975"}],"wp:term":[{"taxonomy":"product_cat","embeddable":true,"href":"https:\/\/rayt.com\/ca\/wp-json\/wp\/v2\/product_cat?post=1975"},{"taxonomy":"product_tag","embeddable":true,"href":"https:\/\/rayt.com\/ca\/wp-json\/wp\/v2\/product_tag?post=1975"}],"curies":[{"name":"wp","href":"https:\/\/api.w.org\/{rel}","templated":true}]}}