{"id":1980,"date":"2020-10-21T10:42:16","date_gmt":"2020-12-01T10:03:41","guid":{"rendered":"http:\/\/rayt.com\/?post_type=product&#038;p=1980"},"modified":"2020-12-01T10:14:24","modified_gmt":"2020-12-01T10:14:24","slug":"pasta-niveladora-lista-al-uso","status":"publish","type":"product","link":"https:\/\/rayt.com\/ca\/producto\/pasta-niveladora-lista-al-uso\/","title":{"rendered":"Pasta niveladora lista al uso"},"content":{"rendered":"<p>Pasta anivelladora preparada per fer-la servir, no autoanivelladora, per igualar petits desnivells, irregularitats i juntes en superf\u00edcies de cer\u00e0mica, gres i terratzo, i anivellament de soleres de ciment i formig\u00f3 abans de la col\u00b7locaci\u00f3 de paviments lleugers t\u00e8xtils i vin\u00edlics. Gruix de la pasta: de 0,5 a 1 mm, ampliable a 2 mm en una segona aplicaci\u00f3.<\/p>\n","protected":false},"excerpt":{"rendered":"<p>Pasta anivelladora preparada per fer-la servir, no autoanivelladora, per igualar<\/p>\n","protected":false},"featured_media":1981,"comment_status":"open","ping_status":"closed","template":"","meta":{"_acf_changed":false},"product_cat":[436,462,594],"product_tag":[],"acf":[],"_links":{"self":[{"href":"https:\/\/rayt.com\/ca\/wp-json\/wp\/v2\/product\/1980"}],"collection":[{"href":"https:\/\/rayt.com\/ca\/wp-json\/wp\/v2\/product"}],"about":[{"href":"https:\/\/rayt.com\/ca\/wp-json\/wp\/v2\/types\/product"}],"replies":[{"embeddable":true,"href":"https:\/\/rayt.com\/ca\/wp-json\/wp\/v2\/comments?post=1980"}],"wp:featuredmedia":[{"embeddable":true,"href":"https:\/\/rayt.com\/ca\/wp-json\/wp\/v2\/media\/1981"}],"wp:attachment":[{"href":"https:\/\/rayt.com\/ca\/wp-json\/wp\/v2\/media?parent=1980"}],"wp:term":[{"taxonomy":"product_cat","embeddable":true,"href":"https:\/\/rayt.com\/ca\/wp-json\/wp\/v2\/product_cat?post=1980"},{"taxonomy":"product_tag","embeddable":true,"href":"https:\/\/rayt.com\/ca\/wp-json\/wp\/v2\/product_tag?post=1980"}],"curies":[{"name":"wp","href":"https:\/\/api.w.org\/{rel}","templated":true}]}}