{"id":2011,"date":"2020-10-21T10:36:45","date_gmt":"2020-12-01T10:24:36","guid":{"rendered":"http:\/\/rayt.com\/?post_type=product&#038;p=2011"},"modified":"2021-05-25T10:52:46","modified_gmt":"2021-05-25T10:52:46","slug":"nc-182","status":"publish","type":"product","link":"https:\/\/rayt.com\/ca\/producto\/nc-182\/","title":{"rendered":"UZIN NC 182"},"content":{"rendered":"<p>Pasta anivelladora especial per a reparaci\u00f3 i escrostonaments en parets. Sense l\u00edmit de gruix. Apta per a aplicacions verticals perqu\u00e8 no es despenja, per a sistemes de calefacci\u00f3 radiant i per a zones de tr\u00e0nsit important i cadires de rodes, d&#8217;acord amb la norma DIN EN 12 529, en gruixos a partir d&#8217;1 mm.<\/p>\n","protected":false},"excerpt":{"rendered":"<p>Pasta anivelladora especial per a reparaci\u00f3 i escrostonaments en parets.<\/p>\n","protected":false},"featured_media":5504,"comment_status":"open","ping_status":"closed","template":"","meta":{"_acf_changed":false},"product_cat":[436,465,462],"product_tag":[],"acf":[],"_links":{"self":[{"href":"https:\/\/rayt.com\/ca\/wp-json\/wp\/v2\/product\/2011"}],"collection":[{"href":"https:\/\/rayt.com\/ca\/wp-json\/wp\/v2\/product"}],"about":[{"href":"https:\/\/rayt.com\/ca\/wp-json\/wp\/v2\/types\/product"}],"replies":[{"embeddable":true,"href":"https:\/\/rayt.com\/ca\/wp-json\/wp\/v2\/comments?post=2011"}],"wp:featuredmedia":[{"embeddable":true,"href":"https:\/\/rayt.com\/ca\/wp-json\/wp\/v2\/media\/5504"}],"wp:attachment":[{"href":"https:\/\/rayt.com\/ca\/wp-json\/wp\/v2\/media?parent=2011"}],"wp:term":[{"taxonomy":"product_cat","embeddable":true,"href":"https:\/\/rayt.com\/ca\/wp-json\/wp\/v2\/product_cat?post=2011"},{"taxonomy":"product_tag","embeddable":true,"href":"https:\/\/rayt.com\/ca\/wp-json\/wp\/v2\/product_tag?post=2011"}],"curies":[{"name":"wp","href":"https:\/\/api.w.org\/{rel}","templated":true}]}}