{"id":2081,"date":"2020-10-22T07:41:34","date_gmt":"2020-10-22T07:41:34","guid":{"rendered":"http:\/\/rayt.com\/?post_type=product&#038;p=2081"},"modified":"2021-02-24T11:13:20","modified_gmt":"2021-02-24T11:13:20","slug":"novosil-acrilica-relleno-grietas","status":"publish","type":"product","link":"https:\/\/rayt.com\/ca\/producto\/novosil-acrilica-relleno-grietas\/","title":{"rendered":"Novosil acr\u00edlica relleno grietas"},"content":{"rendered":"<p>Massilla en base aquosa per omplir esquerdes en multitud de superf\u00edcies tant interiors com exteriors, i materials porosos i no porosos: formig\u00f3, fusta, cer\u00e0mica, l\u00e0mines de guix, marcs de les finestres, etc. Tamb\u00e9 repara petites fissures a les parets.<\/p>\n","protected":false},"excerpt":{"rendered":"<p>Massilla en base aquosa per omplir esquerdes en multitud de<\/p>\n","protected":false},"featured_media":5601,"comment_status":"open","ping_status":"closed","template":"","meta":{"_acf_changed":false},"product_cat":[436,486,477],"product_tag":[],"acf":[],"_links":{"self":[{"href":"https:\/\/rayt.com\/ca\/wp-json\/wp\/v2\/product\/2081"}],"collection":[{"href":"https:\/\/rayt.com\/ca\/wp-json\/wp\/v2\/product"}],"about":[{"href":"https:\/\/rayt.com\/ca\/wp-json\/wp\/v2\/types\/product"}],"replies":[{"embeddable":true,"href":"https:\/\/rayt.com\/ca\/wp-json\/wp\/v2\/comments?post=2081"}],"wp:featuredmedia":[{"embeddable":true,"href":"https:\/\/rayt.com\/ca\/wp-json\/wp\/v2\/media\/5601"}],"wp:attachment":[{"href":"https:\/\/rayt.com\/ca\/wp-json\/wp\/v2\/media?parent=2081"}],"wp:term":[{"taxonomy":"product_cat","embeddable":true,"href":"https:\/\/rayt.com\/ca\/wp-json\/wp\/v2\/product_cat?post=2081"},{"taxonomy":"product_tag","embeddable":true,"href":"https:\/\/rayt.com\/ca\/wp-json\/wp\/v2\/product_tag?post=2081"}],"curies":[{"name":"wp","href":"https:\/\/api.w.org\/{rel}","templated":true}]}}