{"id":2112,"date":"2020-11-06T10:05:49","date_gmt":"2020-12-01T15:56:25","guid":{"rendered":"http:\/\/rayt.com\/?post_type=product&#038;p=2112"},"modified":"2021-02-12T10:52:00","modified_gmt":"2021-02-12T10:52:00","slug":"g-1217-n","status":"publish","type":"product","link":"https:\/\/rayt.com\/ca\/producto\/g-1217-n\/","title":{"rendered":"G-1217-N"},"content":{"rendered":"<p>ADHESIU SINT\u00c8TIC EN DISPERSI\u00d3 AQUOSA PER PAPER I CARTR\u00d3. STANDARD.<br \/>\nAdhesiu adequat pel encolat de lloms de llibres en el proc\u00e9s d&#8217;enquadernaci\u00f3 i per manipulats de paper\/cartr\u00f3 en general.<\/p>\n<h4>CARACTER\u00cdSTIQUES<\/h4>\n<p>Excel\u00b7lent penetraci\u00f3 en el paper.<br \/>\nExcel\u00b7lent flexibilitat.<br \/>\nAssecat r\u00e0pid.<br \/>\nCompleix amb FDA 175.105 per a contacte indirecte amb aliments.<\/p>\n<p>&nbsp;<\/p>\n","protected":false},"excerpt":{"rendered":"<p>ADHESIU SINT\u00c8TIC EN DISPERSI\u00d3 AQUOSA PER PAPER I CARTR\u00d3. STANDARD.<\/p>\n","protected":false},"featured_media":2113,"comment_status":"open","ping_status":"closed","template":"","meta":{"_acf_changed":false},"product_cat":[597,1317,1329,612,603,1033,600,1036],"product_tag":[],"acf":[],"_links":{"self":[{"href":"https:\/\/rayt.com\/ca\/wp-json\/wp\/v2\/product\/2112"}],"collection":[{"href":"https:\/\/rayt.com\/ca\/wp-json\/wp\/v2\/product"}],"about":[{"href":"https:\/\/rayt.com\/ca\/wp-json\/wp\/v2\/types\/product"}],"replies":[{"embeddable":true,"href":"https:\/\/rayt.com\/ca\/wp-json\/wp\/v2\/comments?post=2112"}],"wp:featuredmedia":[{"embeddable":true,"href":"https:\/\/rayt.com\/ca\/wp-json\/wp\/v2\/media\/2113"}],"wp:attachment":[{"href":"https:\/\/rayt.com\/ca\/wp-json\/wp\/v2\/media?parent=2112"}],"wp:term":[{"taxonomy":"product_cat","embeddable":true,"href":"https:\/\/rayt.com\/ca\/wp-json\/wp\/v2\/product_cat?post=2112"},{"taxonomy":"product_tag","embeddable":true,"href":"https:\/\/rayt.com\/ca\/wp-json\/wp\/v2\/product_tag?post=2112"}],"curies":[{"name":"wp","href":"https:\/\/api.w.org\/{rel}","templated":true}]}}