{"id":2119,"date":"2020-12-02T07:29:10","date_gmt":"2020-12-02T07:32:02","guid":{"rendered":"http:\/\/rayt.com\/?post_type=product&#038;p=2119"},"modified":"2021-02-24T11:15:08","modified_gmt":"2021-02-24T11:15:08","slug":"novosil-int-ext-pintable-2","status":"publish","type":"product","link":"https:\/\/rayt.com\/ca\/producto\/novosil-int-ext-pintable-2\/","title":{"rendered":"Novosil Int-Ext Pintable"},"content":{"rendered":"<p>Massilla en base siliconada per aplicar en juntes interiors de finestres i portes que tinguin un cert moviment (de fins a un 20\u00a0%). Apta tamb\u00e9 per a fusta, cer\u00e0mica, cart\u00f3 guix, etc., i per segellar caixes i contenidors.<\/p>\n","protected":false},"excerpt":{"rendered":"<p>Massilla en base siliconada per aplicar en juntes interiors de<\/p>\n","protected":false},"featured_media":5609,"comment_status":"open","ping_status":"closed","template":"","meta":{"_acf_changed":false},"product_cat":[436,477,489],"product_tag":[],"acf":[],"_links":{"self":[{"href":"https:\/\/rayt.com\/ca\/wp-json\/wp\/v2\/product\/2119"}],"collection":[{"href":"https:\/\/rayt.com\/ca\/wp-json\/wp\/v2\/product"}],"about":[{"href":"https:\/\/rayt.com\/ca\/wp-json\/wp\/v2\/types\/product"}],"replies":[{"embeddable":true,"href":"https:\/\/rayt.com\/ca\/wp-json\/wp\/v2\/comments?post=2119"}],"wp:featuredmedia":[{"embeddable":true,"href":"https:\/\/rayt.com\/ca\/wp-json\/wp\/v2\/media\/5609"}],"wp:attachment":[{"href":"https:\/\/rayt.com\/ca\/wp-json\/wp\/v2\/media?parent=2119"}],"wp:term":[{"taxonomy":"product_cat","embeddable":true,"href":"https:\/\/rayt.com\/ca\/wp-json\/wp\/v2\/product_cat?post=2119"},{"taxonomy":"product_tag","embeddable":true,"href":"https:\/\/rayt.com\/ca\/wp-json\/wp\/v2\/product_tag?post=2119"}],"curies":[{"name":"wp","href":"https:\/\/api.w.org\/{rel}","templated":true}]}}