{"id":2123,"date":"2020-10-22T07:19:13","date_gmt":"2020-12-02T07:45:42","guid":{"rendered":"http:\/\/rayt.com\/?post_type=product&#038;p=2123"},"modified":"2023-04-25T14:50:20","modified_gmt":"2023-04-25T14:50:20","slug":"espuma-de-pu-spray","status":"publish","type":"product","link":"https:\/\/rayt.com\/ca\/producto\/espuma-de-pu-spray\/","title":{"rendered":"Espuma de PU Spray"},"content":{"rendered":"<p>Escuma autoexpandible per segellar, fixar i a\u00efllar.<br \/>\nAplicable en portes, finestres, canonades, escales, a\u00efllaments ac\u00fastics i t\u00e8rmics i farciment de buits i juntes entre materials.<br \/>\nColor verd.<\/p>\n<p>&nbsp;<\/p>\n<p><strong>Per a un \u00fas segur de l&#8217;escuma que cont\u00e9 diisocianats, oferim als nostres usuaris una formaci\u00f3 en seguretat; obligat\u00f2ria per a usuaris professionals i industrials.<\/strong><\/p>\n<p><a class=\"fasc-button fasc-size-large fasc-type-flat fasc-style-bold\" style=\"background-color: #ff010b; color: #ffffff;\" target=\"_blank\" rel=\"noopener noreferrer\" href=\"https:\/\/isopa-aisbl.idloom.events\/048-es\">Oferim formaci\u00f3 gratu\u00efta en l\u00ednia, aix\u00ed com certificat final de realitzaci\u00f3, amb el codi seg\u00fcent: FEICA_21_N3<\/a><\/p>\n","protected":false},"excerpt":{"rendered":"<p>Escuma autoexpandible per segellar, fixar i a\u00efllar. Aplicable en portes,<\/p>\n","protected":false},"featured_media":5430,"comment_status":"open","ping_status":"closed","template":"","meta":{"_acf_changed":false},"product_cat":[436,468,471],"product_tag":[],"acf":[],"_links":{"self":[{"href":"https:\/\/rayt.com\/ca\/wp-json\/wp\/v2\/product\/2123"}],"collection":[{"href":"https:\/\/rayt.com\/ca\/wp-json\/wp\/v2\/product"}],"about":[{"href":"https:\/\/rayt.com\/ca\/wp-json\/wp\/v2\/types\/product"}],"replies":[{"embeddable":true,"href":"https:\/\/rayt.com\/ca\/wp-json\/wp\/v2\/comments?post=2123"}],"wp:featuredmedia":[{"embeddable":true,"href":"https:\/\/rayt.com\/ca\/wp-json\/wp\/v2\/media\/5430"}],"wp:attachment":[{"href":"https:\/\/rayt.com\/ca\/wp-json\/wp\/v2\/media?parent=2123"}],"wp:term":[{"taxonomy":"product_cat","embeddable":true,"href":"https:\/\/rayt.com\/ca\/wp-json\/wp\/v2\/product_cat?post=2123"},{"taxonomy":"product_tag","embeddable":true,"href":"https:\/\/rayt.com\/ca\/wp-json\/wp\/v2\/product_tag?post=2123"}],"curies":[{"name":"wp","href":"https:\/\/api.w.org\/{rel}","templated":true}]}}