{"id":2146,"date":"2020-10-26T09:37:26","date_gmt":"2020-10-26T09:37:26","guid":{"rendered":"http:\/\/rayt.com\/?post_type=product&#038;p=2146"},"modified":"2021-02-22T11:06:49","modified_gmt":"2021-02-22T11:06:49","slug":"novopur-sella-fix-60","status":"publish","type":"product","link":"https:\/\/rayt.com\/ca\/producto\/novopur-sella-fix-60\/","title":{"rendered":"Novopur Sella-Fix 60"},"content":{"rendered":"<p>Segellador en base pol\u00edmer h\u00edbrid que fixa i segella sobre superf\u00edcies humides i altres materials com ara acer inoxidable, vidre, coure, granit, PVC, etc. Especial per enganxar miralls, ja que no n&#8217;agredeix el tractament.<\/p>\n","protected":false},"excerpt":{"rendered":"<p>Segellador en base pol\u00edmer h\u00edbrid que fixa i segella sobre<\/p>\n","protected":false},"featured_media":8724,"comment_status":"open","ping_status":"closed","template":"","meta":{"_acf_changed":false},"product_cat":[436,492],"product_tag":[],"acf":[],"_links":{"self":[{"href":"https:\/\/rayt.com\/ca\/wp-json\/wp\/v2\/product\/2146"}],"collection":[{"href":"https:\/\/rayt.com\/ca\/wp-json\/wp\/v2\/product"}],"about":[{"href":"https:\/\/rayt.com\/ca\/wp-json\/wp\/v2\/types\/product"}],"replies":[{"embeddable":true,"href":"https:\/\/rayt.com\/ca\/wp-json\/wp\/v2\/comments?post=2146"}],"wp:featuredmedia":[{"embeddable":true,"href":"https:\/\/rayt.com\/ca\/wp-json\/wp\/v2\/media\/8724"}],"wp:attachment":[{"href":"https:\/\/rayt.com\/ca\/wp-json\/wp\/v2\/media?parent=2146"}],"wp:term":[{"taxonomy":"product_cat","embeddable":true,"href":"https:\/\/rayt.com\/ca\/wp-json\/wp\/v2\/product_cat?post=2146"},{"taxonomy":"product_tag","embeddable":true,"href":"https:\/\/rayt.com\/ca\/wp-json\/wp\/v2\/product_tag?post=2146"}],"curies":[{"name":"wp","href":"https:\/\/api.w.org\/{rel}","templated":true}]}}