{"id":2170,"date":"2020-12-02T09:38:20","date_gmt":"2020-12-02T09:38:20","guid":{"rendered":"http:\/\/rayt.com\/?post_type=product&#038;p=2170"},"modified":"2021-02-24T08:54:59","modified_gmt":"2021-02-24T08:54:59","slug":"novosil-sellador-2","status":"publish","type":"product","link":"https:\/\/rayt.com\/ca\/producto\/novosil-sellador-2\/","title":{"rendered":"Novosil Sellador"},"content":{"rendered":"<p>Segellador de fusta en base aquosa, d&#8217;aplicaci\u00f3 f\u00e0cil i neteja amb aigua, per segellar juntes d&#8217;entornpeus, s\u00f2cols laminats i fusta sobre guix, escaiola, pladur, ma\u00f3, cer\u00e0mica i PVC.<\/p>\n","protected":false},"excerpt":{"rendered":"<p>Segellador de fusta en base aquosa, d&#8217;aplicaci\u00f3 f\u00e0cil i neteja<\/p>\n","protected":false},"featured_media":8728,"comment_status":"open","ping_status":"closed","template":"","meta":{"_acf_changed":false},"product_cat":[436,501,495],"product_tag":[],"acf":[],"_links":{"self":[{"href":"https:\/\/rayt.com\/ca\/wp-json\/wp\/v2\/product\/2170"}],"collection":[{"href":"https:\/\/rayt.com\/ca\/wp-json\/wp\/v2\/product"}],"about":[{"href":"https:\/\/rayt.com\/ca\/wp-json\/wp\/v2\/types\/product"}],"replies":[{"embeddable":true,"href":"https:\/\/rayt.com\/ca\/wp-json\/wp\/v2\/comments?post=2170"}],"wp:featuredmedia":[{"embeddable":true,"href":"https:\/\/rayt.com\/ca\/wp-json\/wp\/v2\/media\/8728"}],"wp:attachment":[{"href":"https:\/\/rayt.com\/ca\/wp-json\/wp\/v2\/media?parent=2170"}],"wp:term":[{"taxonomy":"product_cat","embeddable":true,"href":"https:\/\/rayt.com\/ca\/wp-json\/wp\/v2\/product_cat?post=2170"},{"taxonomy":"product_tag","embeddable":true,"href":"https:\/\/rayt.com\/ca\/wp-json\/wp\/v2\/product_tag?post=2170"}],"curies":[{"name":"wp","href":"https:\/\/api.w.org\/{rel}","templated":true}]}}