{"id":2237,"date":"2020-10-22T09:30:43","date_gmt":"2020-12-02T11:36:00","guid":{"rendered":"http:\/\/rayt.com\/?post_type=product&#038;p=2237"},"modified":"2021-02-22T10:44:07","modified_gmt":"2021-02-22T10:44:07","slug":"benkola-vinilica","status":"publish","type":"product","link":"https:\/\/rayt.com\/ca\/producto\/benkola-vinilica\/","title":{"rendered":"Benkola Vin\u00edlica"},"content":{"rendered":"<p>Cola en pols per enganxar papers pesants i vin\u00edlics, dilu\u00efble en aigua i f\u00e0cil de retirar sense desperfectes.<\/p>\n<p>Refor\u00e7ada amb resines sint\u00e8tiques.<\/p>\n","protected":false},"excerpt":{"rendered":"<p>Cola en pols per enganxar papers pesants i vin\u00edlics, dilu\u00efble<\/p>\n","protected":false},"featured_media":2234,"comment_status":"open","ping_status":"closed","template":"","meta":{"_acf_changed":false},"product_cat":[519,436,516],"product_tag":[],"acf":[],"_links":{"self":[{"href":"https:\/\/rayt.com\/ca\/wp-json\/wp\/v2\/product\/2237"}],"collection":[{"href":"https:\/\/rayt.com\/ca\/wp-json\/wp\/v2\/product"}],"about":[{"href":"https:\/\/rayt.com\/ca\/wp-json\/wp\/v2\/types\/product"}],"replies":[{"embeddable":true,"href":"https:\/\/rayt.com\/ca\/wp-json\/wp\/v2\/comments?post=2237"}],"wp:featuredmedia":[{"embeddable":true,"href":"https:\/\/rayt.com\/ca\/wp-json\/wp\/v2\/media\/2234"}],"wp:attachment":[{"href":"https:\/\/rayt.com\/ca\/wp-json\/wp\/v2\/media?parent=2237"}],"wp:term":[{"taxonomy":"product_cat","embeddable":true,"href":"https:\/\/rayt.com\/ca\/wp-json\/wp\/v2\/product_cat?post=2237"},{"taxonomy":"product_tag","embeddable":true,"href":"https:\/\/rayt.com\/ca\/wp-json\/wp\/v2\/product_tag?post=2237"}],"curies":[{"name":"wp","href":"https:\/\/api.w.org\/{rel}","templated":true}]}}