{"id":2359,"date":"2020-12-04T08:31:26","date_gmt":"2020-12-04T08:33:54","guid":{"rendered":"http:\/\/rayt.com\/?post_type=product&#038;p=2359"},"modified":"2023-04-25T14:44:41","modified_gmt":"2023-04-25T14:44:41","slug":"pu-500-2","status":"publish","type":"product","link":"https:\/\/rayt.com\/ca\/producto\/pu-500-2\/","title":{"rendered":"PU-500"},"content":{"rendered":"<p>Adhesiu de poliuret\u00e0 per enganxar gespa artificial, fusta, formig\u00f3, guix, metall, etc., entre si, i sobre altres materials. Endurible per humitat: s&#8217;allibera un gas durant l&#8217;enduriment que forma una petita quantitat d&#8217;escuma que ajuda a emplenar petites irregularitats de la junta. Classificaci\u00f3 D4 segons la norma UNE EN 204. Preparat per fer-lo servir.<\/p>\n<p>&nbsp;<\/p>\n<p><strong>Per a un \u00fas segur de l&#8217;escuma que cont\u00e9 diisocianats, oferim als nostres usuaris una formaci\u00f3 en seguretat; obligat\u00f2ria per a usuaris professionals i industrials.<\/strong><\/p>\n<p><a class=\"fasc-button fasc-size-large fasc-type-flat fasc-style-bold\" style=\"background-color: #ff010b; color: #ffffff;\" target=\"_blank\" rel=\"noopener noreferrer\" href=\"https:\/\/isopa-aisbl.idloom.events\/048-es\">Oferim formaci\u00f3 gratu\u00efta en l\u00ednia, aix\u00ed com certificat final de realitzaci\u00f3, amb el codi seg\u00fcent: FEICA_21_N3<\/a><\/p>\n","protected":false},"excerpt":{"rendered":"<p>Adhesiu de poliuret\u00e0 per enganxar gespa artificial, fusta, formig\u00f3, guix,<\/p>\n","protected":false},"featured_media":5697,"comment_status":"open","ping_status":"closed","template":"","meta":{"_acf_changed":false},"product_cat":[531,436],"product_tag":[],"acf":[],"_links":{"self":[{"href":"https:\/\/rayt.com\/ca\/wp-json\/wp\/v2\/product\/2359"}],"collection":[{"href":"https:\/\/rayt.com\/ca\/wp-json\/wp\/v2\/product"}],"about":[{"href":"https:\/\/rayt.com\/ca\/wp-json\/wp\/v2\/types\/product"}],"replies":[{"embeddable":true,"href":"https:\/\/rayt.com\/ca\/wp-json\/wp\/v2\/comments?post=2359"}],"wp:featuredmedia":[{"embeddable":true,"href":"https:\/\/rayt.com\/ca\/wp-json\/wp\/v2\/media\/5697"}],"wp:attachment":[{"href":"https:\/\/rayt.com\/ca\/wp-json\/wp\/v2\/media?parent=2359"}],"wp:term":[{"taxonomy":"product_cat","embeddable":true,"href":"https:\/\/rayt.com\/ca\/wp-json\/wp\/v2\/product_cat?post=2359"},{"taxonomy":"product_tag","embeddable":true,"href":"https:\/\/rayt.com\/ca\/wp-json\/wp\/v2\/product_tag?post=2359"}],"curies":[{"name":"wp","href":"https:\/\/api.w.org\/{rel}","templated":true}]}}