{"id":2373,"date":"2020-12-04T09:44:01","date_gmt":"2020-12-04T09:44:01","guid":{"rendered":"http:\/\/rayt.com\/?post_type=product&#038;p=2373"},"modified":"2021-02-24T08:51:17","modified_gmt":"2021-02-24T08:51:17","slug":"sella-fix-rodapies-2","status":"publish","type":"product","link":"https:\/\/rayt.com\/ca\/producto\/sella-fix-rodapies-2\/","title":{"rendered":"Sella-Fix Rodapi\u00e9s"},"content":{"rendered":"<p>Adhesiu en base aquosa per enganxar entornpeus i s\u00f2cols laminats de fusta, amb capacitat tamb\u00e9 de segellar i omplir juntes (de l&#8217;entornpeu i la paret i la junta perimetral entre el s\u00f2col\/entornpeu i el laminatge). Apte tamb\u00e9 per a altres materials com ara poliestir\u00e8 expandit o extrudit en llosetes o plafons, a\u00efllants cl\u00e0ssics per a la construcci\u00f3 i cornises decoratives. Preparat per fer-lo servir.<\/p>\n","protected":false},"excerpt":{"rendered":"<p>Adhesiu en base aquosa per enganxar entornpeus i s\u00f2cols laminats<\/p>\n","protected":false},"featured_media":8695,"comment_status":"open","ping_status":"closed","template":"","meta":{"_acf_changed":false},"product_cat":[537,436],"product_tag":[],"acf":[],"_links":{"self":[{"href":"https:\/\/rayt.com\/ca\/wp-json\/wp\/v2\/product\/2373"}],"collection":[{"href":"https:\/\/rayt.com\/ca\/wp-json\/wp\/v2\/product"}],"about":[{"href":"https:\/\/rayt.com\/ca\/wp-json\/wp\/v2\/types\/product"}],"replies":[{"embeddable":true,"href":"https:\/\/rayt.com\/ca\/wp-json\/wp\/v2\/comments?post=2373"}],"wp:featuredmedia":[{"embeddable":true,"href":"https:\/\/rayt.com\/ca\/wp-json\/wp\/v2\/media\/8695"}],"wp:attachment":[{"href":"https:\/\/rayt.com\/ca\/wp-json\/wp\/v2\/media?parent=2373"}],"wp:term":[{"taxonomy":"product_cat","embeddable":true,"href":"https:\/\/rayt.com\/ca\/wp-json\/wp\/v2\/product_cat?post=2373"},{"taxonomy":"product_tag","embeddable":true,"href":"https:\/\/rayt.com\/ca\/wp-json\/wp\/v2\/product_tag?post=2373"}],"curies":[{"name":"wp","href":"https:\/\/api.w.org\/{rel}","templated":true}]}}