{"id":2387,"date":"2020-12-04T10:01:26","date_gmt":"2020-12-04T10:06:42","guid":{"rendered":"http:\/\/rayt.com\/?post_type=product&#038;p=2387"},"modified":"2020-12-04T10:07:53","modified_gmt":"2020-12-04T10:07:53","slug":"r-2000-2","status":"publish","type":"product","link":"https:\/\/rayt.com\/ca\/producto\/r-2000-2\/","title":{"rendered":"R-2000"},"content":{"rendered":"<p>Fixador antilliscant en dispersi\u00f3 aquosa per a llosetes autoportants. Amb un m\u00ednim gramatge s&#8217;aconsegueix un efecte antilliscant permanent i una elevada subjecci\u00f3, cosa que impedeix el despla\u00e7ament lateral de les llosetes. Adaptat per a terres amb sistemes de calefacci\u00f3 radiant per aigua.<\/p>\n","protected":false},"excerpt":{"rendered":"<p>Fixador antilliscant en dispersi\u00f3 aquosa per a llosetes autoportants. Amb<\/p>\n","protected":false},"featured_media":5315,"comment_status":"open","ping_status":"closed","template":"","meta":{"_acf_changed":false},"product_cat":[540,436],"product_tag":[],"acf":[],"_links":{"self":[{"href":"https:\/\/rayt.com\/ca\/wp-json\/wp\/v2\/product\/2387"}],"collection":[{"href":"https:\/\/rayt.com\/ca\/wp-json\/wp\/v2\/product"}],"about":[{"href":"https:\/\/rayt.com\/ca\/wp-json\/wp\/v2\/types\/product"}],"replies":[{"embeddable":true,"href":"https:\/\/rayt.com\/ca\/wp-json\/wp\/v2\/comments?post=2387"}],"wp:featuredmedia":[{"embeddable":true,"href":"https:\/\/rayt.com\/ca\/wp-json\/wp\/v2\/media\/5315"}],"wp:attachment":[{"href":"https:\/\/rayt.com\/ca\/wp-json\/wp\/v2\/media?parent=2387"}],"wp:term":[{"taxonomy":"product_cat","embeddable":true,"href":"https:\/\/rayt.com\/ca\/wp-json\/wp\/v2\/product_cat?post=2387"},{"taxonomy":"product_tag","embeddable":true,"href":"https:\/\/rayt.com\/ca\/wp-json\/wp\/v2\/product_tag?post=2387"}],"curies":[{"name":"wp","href":"https:\/\/api.w.org\/{rel}","templated":true}]}}