{"id":2422,"date":"2020-10-27T08:33:50","date_gmt":"2020-10-27T08:33:50","guid":{"rendered":"http:\/\/rayt.com\/?post_type=product&#038;p=2422"},"modified":"2020-12-07T07:42:19","modified_gmt":"2020-12-07T07:42:19","slug":"novopur-losetas-goma","status":"publish","type":"product","link":"https:\/\/rayt.com\/ca\/producto\/novopur-losetas-goma\/","title":{"rendered":"Novopur Losetas goma"},"content":{"rendered":"<p>Adhesiu\/segellador monocomponent en cartutx, per enganxar juntes el\u00e0stiques, goma (especialment llosetes de goma) i cautx\u00fa reciclat en parcs infantils, escoles bressol, etc. Resistent a la intemp\u00e8rie.<\/p>\n","protected":false},"excerpt":{"rendered":"<p>Adhesiu\/segellador monocomponent en cartutx, per enganxar juntes el\u00e0stiques, goma (especialment<\/p>\n","protected":false},"featured_media":5585,"comment_status":"open","ping_status":"closed","template":"","meta":{"_acf_changed":false},"product_cat":[543,436],"product_tag":[],"acf":[],"_links":{"self":[{"href":"https:\/\/rayt.com\/ca\/wp-json\/wp\/v2\/product\/2422"}],"collection":[{"href":"https:\/\/rayt.com\/ca\/wp-json\/wp\/v2\/product"}],"about":[{"href":"https:\/\/rayt.com\/ca\/wp-json\/wp\/v2\/types\/product"}],"replies":[{"embeddable":true,"href":"https:\/\/rayt.com\/ca\/wp-json\/wp\/v2\/comments?post=2422"}],"wp:featuredmedia":[{"embeddable":true,"href":"https:\/\/rayt.com\/ca\/wp-json\/wp\/v2\/media\/5585"}],"wp:attachment":[{"href":"https:\/\/rayt.com\/ca\/wp-json\/wp\/v2\/media?parent=2422"}],"wp:term":[{"taxonomy":"product_cat","embeddable":true,"href":"https:\/\/rayt.com\/ca\/wp-json\/wp\/v2\/product_cat?post=2422"},{"taxonomy":"product_tag","embeddable":true,"href":"https:\/\/rayt.com\/ca\/wp-json\/wp\/v2\/product_tag?post=2422"}],"curies":[{"name":"wp","href":"https:\/\/api.w.org\/{rel}","templated":true}]}}