{"id":2444,"date":"2020-12-07T08:21:52","date_gmt":"2020-12-07T08:24:20","guid":{"rendered":"http:\/\/rayt.com\/?post_type=product&#038;p=2444"},"modified":"2021-03-01T11:15:55","modified_gmt":"2021-03-01T11:15:55","slug":"primacola-c-1703-especial-linoleum","status":"publish","type":"product","link":"https:\/\/rayt.com\/ca\/producto\/primacola-c-1703-especial-linoleum\/","title":{"rendered":"Primacola C-1703 Especial lin\u00f3leum"},"content":{"rendered":"<p>Adhesiu acr\u00edlic en base aquosa d&#8217;aplicaci\u00f3 en interiors a una cara, per a la instal\u00b7laci\u00f3 de lin\u00f2leum en rotlle, lin\u00f2leum de suro i recobriments compostos de lin\u00f2leum i polivinilclorur amb suport de suro. Adaptat per a terres amb sistemes de calefacci\u00f3 radiant per aigua.<\/p>\n","protected":false},"excerpt":{"rendered":"<p>Adhesiu acr\u00edlic en base aquosa d&#8217;aplicaci\u00f3 en interiors a una<\/p>\n","protected":false},"featured_media":5685,"comment_status":"open","ping_status":"closed","template":"","meta":{"_acf_changed":false},"product_cat":[546,436],"product_tag":[],"acf":[],"_links":{"self":[{"href":"https:\/\/rayt.com\/ca\/wp-json\/wp\/v2\/product\/2444"}],"collection":[{"href":"https:\/\/rayt.com\/ca\/wp-json\/wp\/v2\/product"}],"about":[{"href":"https:\/\/rayt.com\/ca\/wp-json\/wp\/v2\/types\/product"}],"replies":[{"embeddable":true,"href":"https:\/\/rayt.com\/ca\/wp-json\/wp\/v2\/comments?post=2444"}],"wp:featuredmedia":[{"embeddable":true,"href":"https:\/\/rayt.com\/ca\/wp-json\/wp\/v2\/media\/5685"}],"wp:attachment":[{"href":"https:\/\/rayt.com\/ca\/wp-json\/wp\/v2\/media?parent=2444"}],"wp:term":[{"taxonomy":"product_cat","embeddable":true,"href":"https:\/\/rayt.com\/ca\/wp-json\/wp\/v2\/product_cat?post=2444"},{"taxonomy":"product_tag","embeddable":true,"href":"https:\/\/rayt.com\/ca\/wp-json\/wp\/v2\/product_tag?post=2444"}],"curies":[{"name":"wp","href":"https:\/\/api.w.org\/{rel}","templated":true}]}}