{"id":2463,"date":"2020-12-07T08:52:58","date_gmt":"2020-12-07T08:56:45","guid":{"rendered":"http:\/\/rayt.com\/?post_type=product&#038;p=2463"},"modified":"2021-02-24T10:02:53","modified_gmt":"2021-02-24T10:02:53","slug":"primacola-c-100-premium-2","status":"publish","type":"product","link":"https:\/\/rayt.com\/ca\/producto\/primacola-c-100-premium-2\/","title":{"rendered":"Primacola C-100 Premium"},"content":{"rendered":"<p>Adhesiu acr\u00edlic en base aquosa d&#8217;aplicaci\u00f3 en interiors a una cara per enganxar revestiments de PVC i tot tipus de revestiments t\u00e8xtils, goma i lin\u00f2leum. Adaptat per a terres amb sistemes de calefacci\u00f3 radiant per aigua.<\/p>\n","protected":false},"excerpt":{"rendered":"<p>Adhesiu acr\u00edlic en base aquosa d&#8217;aplicaci\u00f3 en interiors a una<\/p>\n","protected":false},"featured_media":5693,"comment_status":"open","ping_status":"closed","template":"","meta":{"_acf_changed":false},"product_cat":[552,436],"product_tag":[],"acf":[],"_links":{"self":[{"href":"https:\/\/rayt.com\/ca\/wp-json\/wp\/v2\/product\/2463"}],"collection":[{"href":"https:\/\/rayt.com\/ca\/wp-json\/wp\/v2\/product"}],"about":[{"href":"https:\/\/rayt.com\/ca\/wp-json\/wp\/v2\/types\/product"}],"replies":[{"embeddable":true,"href":"https:\/\/rayt.com\/ca\/wp-json\/wp\/v2\/comments?post=2463"}],"wp:featuredmedia":[{"embeddable":true,"href":"https:\/\/rayt.com\/ca\/wp-json\/wp\/v2\/media\/5693"}],"wp:attachment":[{"href":"https:\/\/rayt.com\/ca\/wp-json\/wp\/v2\/media?parent=2463"}],"wp:term":[{"taxonomy":"product_cat","embeddable":true,"href":"https:\/\/rayt.com\/ca\/wp-json\/wp\/v2\/product_cat?post=2463"},{"taxonomy":"product_tag","embeddable":true,"href":"https:\/\/rayt.com\/ca\/wp-json\/wp\/v2\/product_tag?post=2463"}],"curies":[{"name":"wp","href":"https:\/\/api.w.org\/{rel}","templated":true}]}}