{"id":2485,"date":"2020-12-07T09:23:20","date_gmt":"2020-12-07T09:27:30","guid":{"rendered":"http:\/\/rayt.com\/?post_type=product&#038;p=2485"},"modified":"2020-12-07T09:27:30","modified_gmt":"2020-12-07T09:27:30","slug":"primacola-plus-c-15","status":"publish","type":"product","link":"https:\/\/rayt.com\/ca\/producto\/primacola-plus-c-15\/","title":{"rendered":"Primacola Plus C-15"},"content":{"rendered":"<p>Adhesiu acr\u00edlic en base aquosa d&#8217;aplicaci\u00f3 en interiors a una cara per enganxar paviments de PVC, lin\u00f2leum, moquetes i tot tipus de revestiments t\u00e8xtils amb diversos reversos. No v\u00e0lid per enganxar goma.<\/p>\n","protected":false},"excerpt":{"rendered":"<p>Adhesiu acr\u00edlic en base aquosa d&#8217;aplicaci\u00f3 en interiors a una<\/p>\n","protected":false},"featured_media":5669,"comment_status":"open","ping_status":"closed","template":"","meta":{"_acf_changed":false},"product_cat":[552,436],"product_tag":[],"acf":[],"_links":{"self":[{"href":"https:\/\/rayt.com\/ca\/wp-json\/wp\/v2\/product\/2485"}],"collection":[{"href":"https:\/\/rayt.com\/ca\/wp-json\/wp\/v2\/product"}],"about":[{"href":"https:\/\/rayt.com\/ca\/wp-json\/wp\/v2\/types\/product"}],"replies":[{"embeddable":true,"href":"https:\/\/rayt.com\/ca\/wp-json\/wp\/v2\/comments?post=2485"}],"wp:featuredmedia":[{"embeddable":true,"href":"https:\/\/rayt.com\/ca\/wp-json\/wp\/v2\/media\/5669"}],"wp:attachment":[{"href":"https:\/\/rayt.com\/ca\/wp-json\/wp\/v2\/media?parent=2485"}],"wp:term":[{"taxonomy":"product_cat","embeddable":true,"href":"https:\/\/rayt.com\/ca\/wp-json\/wp\/v2\/product_cat?post=2485"},{"taxonomy":"product_tag","embeddable":true,"href":"https:\/\/rayt.com\/ca\/wp-json\/wp\/v2\/product_tag?post=2485"}],"curies":[{"name":"wp","href":"https:\/\/api.w.org\/{rel}","templated":true}]}}