{"id":2489,"date":"2020-12-07T09:38:44","date_gmt":"2020-12-07T09:41:25","guid":{"rendered":"http:\/\/rayt.com\/?post_type=product&#038;p=2489"},"modified":"2021-03-01T11:12:38","modified_gmt":"2021-03-01T11:12:38","slug":"primacola-plus-c-10-2","status":"publish","type":"product","link":"https:\/\/rayt.com\/ca\/producto\/primacola-plus-c-10-2\/","title":{"rendered":"Primacola Plus C-10"},"content":{"rendered":"<p>Adhesiu acr\u00edlic en base aquosa d&#8217;aplicaci\u00f3 en interiors a una cara; per enganxar paviments de PVC, vinil, goma, lin\u00f2leum, moquetes i tot tipus de revestiments t\u00e8xtils amb diversos reversos, com tamb\u00e9 revestiments de goma i cautx\u00fa de fins a 4 mm de gruix.<\/p>\n","protected":false},"excerpt":{"rendered":"<p>Adhesiu acr\u00edlic en base aquosa d&#8217;aplicaci\u00f3 en interiors a una<\/p>\n","protected":false},"featured_media":5665,"comment_status":"open","ping_status":"closed","template":"","meta":{"_acf_changed":false},"product_cat":[552,436],"product_tag":[],"acf":[],"_links":{"self":[{"href":"https:\/\/rayt.com\/ca\/wp-json\/wp\/v2\/product\/2489"}],"collection":[{"href":"https:\/\/rayt.com\/ca\/wp-json\/wp\/v2\/product"}],"about":[{"href":"https:\/\/rayt.com\/ca\/wp-json\/wp\/v2\/types\/product"}],"replies":[{"embeddable":true,"href":"https:\/\/rayt.com\/ca\/wp-json\/wp\/v2\/comments?post=2489"}],"wp:featuredmedia":[{"embeddable":true,"href":"https:\/\/rayt.com\/ca\/wp-json\/wp\/v2\/media\/5665"}],"wp:attachment":[{"href":"https:\/\/rayt.com\/ca\/wp-json\/wp\/v2\/media?parent=2489"}],"wp:term":[{"taxonomy":"product_cat","embeddable":true,"href":"https:\/\/rayt.com\/ca\/wp-json\/wp\/v2\/product_cat?post=2489"},{"taxonomy":"product_tag","embeddable":true,"href":"https:\/\/rayt.com\/ca\/wp-json\/wp\/v2\/product_tag?post=2489"}],"curies":[{"name":"wp","href":"https:\/\/api.w.org\/{rel}","templated":true}]}}