{"id":2493,"date":"2020-12-07T09:53:49","date_gmt":"2020-12-07T09:57:07","guid":{"rendered":"http:\/\/rayt.com\/?post_type=product&#038;p=2493"},"modified":"2023-04-25T13:42:00","modified_gmt":"2023-04-25T13:42:00","slug":"c-75-pu-ab-2","status":"publish","type":"product","link":"https:\/\/rayt.com\/ca\/producto\/c-75-pu-ab-2\/","title":{"rendered":"C-75-PU (A+B)"},"content":{"rendered":"<p>Adhesiu bicomponent per a la instal\u00b7laci\u00f3 de parquet mass\u00eds, envernissat o sense envernissar, sobre bases absorbents o no absorbents.<br \/>\nAdaptat per a terres amb sistemes de calefacci\u00f3 radiant per aigua.<\/p>\n<p>&nbsp;<\/p>\n<p><strong>Per a un \u00fas segur de l&#8217;escuma que cont\u00e9 diisocianats, oferim als nostres usuaris una formaci\u00f3 en seguretat; obligat\u00f2ria per a usuaris professionals i industrials.<\/strong><\/p>\n<p><a class=\"fasc-button fasc-size-large fasc-type-flat fasc-style-bold\" style=\"background-color: #ff010b; color: #ffffff;\" target=\"_blank\" href=\"https:\/\/isopa-aisbl.idloom.events\/048-es\" rel=\"noopener noreferrer\">Oferim formaci\u00f3 gratu\u00efta en l\u00ednia, aix\u00ed com certificat final de realitzaci\u00f3, amb el codi seg\u00fcent: FEICA_21_N3<\/a><\/p>\n","protected":false},"excerpt":{"rendered":"<p>Adhesiu bicomponent per a la instal\u00b7laci\u00f3 de parquet mass\u00eds, envernissat<\/p>\n","protected":false},"featured_media":5573,"comment_status":"open","ping_status":"closed","template":"","meta":{"_acf_changed":false},"product_cat":[555,436],"product_tag":[],"acf":[],"_links":{"self":[{"href":"https:\/\/rayt.com\/ca\/wp-json\/wp\/v2\/product\/2493"}],"collection":[{"href":"https:\/\/rayt.com\/ca\/wp-json\/wp\/v2\/product"}],"about":[{"href":"https:\/\/rayt.com\/ca\/wp-json\/wp\/v2\/types\/product"}],"replies":[{"embeddable":true,"href":"https:\/\/rayt.com\/ca\/wp-json\/wp\/v2\/comments?post=2493"}],"wp:featuredmedia":[{"embeddable":true,"href":"https:\/\/rayt.com\/ca\/wp-json\/wp\/v2\/media\/5573"}],"wp:attachment":[{"href":"https:\/\/rayt.com\/ca\/wp-json\/wp\/v2\/media?parent=2493"}],"wp:term":[{"taxonomy":"product_cat","embeddable":true,"href":"https:\/\/rayt.com\/ca\/wp-json\/wp\/v2\/product_cat?post=2493"},{"taxonomy":"product_tag","embeddable":true,"href":"https:\/\/rayt.com\/ca\/wp-json\/wp\/v2\/product_tag?post=2493"}],"curies":[{"name":"wp","href":"https:\/\/api.w.org\/{rel}","templated":true}]}}