{"id":2505,"date":"2020-10-21T09:30:27","date_gmt":"2020-12-07T10:32:46","guid":{"rendered":"http:\/\/rayt.com\/?post_type=product&#038;p=2505"},"modified":"2021-02-24T08:16:47","modified_gmt":"2021-02-24T08:16:47","slug":"novopren-klak","status":"publish","type":"product","link":"https:\/\/rayt.com\/ca\/producto\/novopren-klak\/","title":{"rendered":"Novopren KLAK"},"content":{"rendered":"<p>Adhesiu monocomponent en cartutx; per enganxar poliestir\u00e8 expandit (EPS) o extrudit (XPS) en plafons, materials a\u00efllants de construcci\u00f3, cornises decoratives, s\u00f2cols i entornpeus sobre suports absorbents o no.<\/p>\n","protected":false},"excerpt":{"rendered":"<p>Adhesiu monocomponent en cartutx; per enganxar poliestir\u00e8 expandit (EPS) o<\/p>\n","protected":false},"featured_media":2506,"comment_status":"open","ping_status":"closed","template":"","meta":{"_acf_changed":false},"product_cat":[558,436,568],"product_tag":[],"acf":[],"_links":{"self":[{"href":"https:\/\/rayt.com\/ca\/wp-json\/wp\/v2\/product\/2505"}],"collection":[{"href":"https:\/\/rayt.com\/ca\/wp-json\/wp\/v2\/product"}],"about":[{"href":"https:\/\/rayt.com\/ca\/wp-json\/wp\/v2\/types\/product"}],"replies":[{"embeddable":true,"href":"https:\/\/rayt.com\/ca\/wp-json\/wp\/v2\/comments?post=2505"}],"wp:featuredmedia":[{"embeddable":true,"href":"https:\/\/rayt.com\/ca\/wp-json\/wp\/v2\/media\/2506"}],"wp:attachment":[{"href":"https:\/\/rayt.com\/ca\/wp-json\/wp\/v2\/media?parent=2505"}],"wp:term":[{"taxonomy":"product_cat","embeddable":true,"href":"https:\/\/rayt.com\/ca\/wp-json\/wp\/v2\/product_cat?post=2505"},{"taxonomy":"product_tag","embeddable":true,"href":"https:\/\/rayt.com\/ca\/wp-json\/wp\/v2\/product_tag?post=2505"}],"curies":[{"name":"wp","href":"https:\/\/api.w.org\/{rel}","templated":true}]}}