{"id":2519,"date":"2020-10-27T09:20:02","date_gmt":"2020-12-07T10:45:46","guid":{"rendered":"http:\/\/rayt.com\/?post_type=product&#038;p=2519"},"modified":"2021-02-22T11:05:43","modified_gmt":"2021-02-22T11:05:43","slug":"ecotack-poliestireno","status":"publish","type":"product","link":"https:\/\/rayt.com\/ca\/producto\/ecotack-poliestireno\/","title":{"rendered":"Ecotack Poliestireno"},"content":{"rendered":"<p>Adhesiu de contacte en base aquosa per a la instal\u00b7laci\u00f3 de plaques de poliestir\u00e8 expandit (EPS) o extrudit (XPS) en sostres i parets, com tamb\u00e9 escuma de poliuret\u00e0 en parets degudament preparades.<\/p>\n","protected":false},"excerpt":{"rendered":"<p>Adhesiu de contacte en base aquosa per a la instal\u00b7laci\u00f3<\/p>\n","protected":false},"featured_media":2516,"comment_status":"open","ping_status":"closed","template":"","meta":{"_acf_changed":false},"product_cat":[558,436,568],"product_tag":[],"acf":[],"_links":{"self":[{"href":"https:\/\/rayt.com\/ca\/wp-json\/wp\/v2\/product\/2519"}],"collection":[{"href":"https:\/\/rayt.com\/ca\/wp-json\/wp\/v2\/product"}],"about":[{"href":"https:\/\/rayt.com\/ca\/wp-json\/wp\/v2\/types\/product"}],"replies":[{"embeddable":true,"href":"https:\/\/rayt.com\/ca\/wp-json\/wp\/v2\/comments?post=2519"}],"wp:featuredmedia":[{"embeddable":true,"href":"https:\/\/rayt.com\/ca\/wp-json\/wp\/v2\/media\/2516"}],"wp:attachment":[{"href":"https:\/\/rayt.com\/ca\/wp-json\/wp\/v2\/media?parent=2519"}],"wp:term":[{"taxonomy":"product_cat","embeddable":true,"href":"https:\/\/rayt.com\/ca\/wp-json\/wp\/v2\/product_cat?post=2519"},{"taxonomy":"product_tag","embeddable":true,"href":"https:\/\/rayt.com\/ca\/wp-json\/wp\/v2\/product_tag?post=2519"}],"curies":[{"name":"wp","href":"https:\/\/api.w.org\/{rel}","templated":true}]}}