{"id":2529,"date":"2020-10-21T09:16:11","date_gmt":"2020-12-07T11:01:31","guid":{"rendered":"http:\/\/rayt.com\/?post_type=product&#038;p=2529"},"modified":"2021-02-22T09:24:20","modified_gmt":"2021-02-22T09:24:20","slug":"c-1278-a-uko-2","status":"publish","type":"product","link":"https:\/\/rayt.com\/ca\/producto\/c-1278-a-uko-2\/","title":{"rendered":"C-1278-A UKO"},"content":{"rendered":"<p>Adhesiu preparat per utilitzar per enganxar poliestir\u00e8 expandit, plaques ac\u00fastiques i a\u00efllants, enrajolats, llosetes cer\u00e0miques, mosaics petits, etc.<br \/>\nUna de les cares per enganxar ha de ser absorbent.<\/p>\n","protected":false},"excerpt":{"rendered":"<p>Adhesiu preparat per utilitzar per enganxar poliestir\u00e8 expandit, plaques ac\u00fastiques<\/p>\n","protected":false},"featured_media":1475,"comment_status":"open","ping_status":"closed","template":"","meta":{"_acf_changed":false},"product_cat":[558,562,436],"product_tag":[],"acf":[],"_links":{"self":[{"href":"https:\/\/rayt.com\/ca\/wp-json\/wp\/v2\/product\/2529"}],"collection":[{"href":"https:\/\/rayt.com\/ca\/wp-json\/wp\/v2\/product"}],"about":[{"href":"https:\/\/rayt.com\/ca\/wp-json\/wp\/v2\/types\/product"}],"replies":[{"embeddable":true,"href":"https:\/\/rayt.com\/ca\/wp-json\/wp\/v2\/comments?post=2529"}],"wp:featuredmedia":[{"embeddable":true,"href":"https:\/\/rayt.com\/ca\/wp-json\/wp\/v2\/media\/1475"}],"wp:attachment":[{"href":"https:\/\/rayt.com\/ca\/wp-json\/wp\/v2\/media?parent=2529"}],"wp:term":[{"taxonomy":"product_cat","embeddable":true,"href":"https:\/\/rayt.com\/ca\/wp-json\/wp\/v2\/product_cat?post=2529"},{"taxonomy":"product_tag","embeddable":true,"href":"https:\/\/rayt.com\/ca\/wp-json\/wp\/v2\/product_tag?post=2529"}],"curies":[{"name":"wp","href":"https:\/\/api.w.org\/{rel}","templated":true}]}}