{"id":2558,"date":"2020-10-07T10:59:13","date_gmt":"2020-12-07T11:50:45","guid":{"rendered":"http:\/\/rayt.com\/?post_type=product&#038;p=2558"},"modified":"2021-02-22T11:01:57","modified_gmt":"2021-02-22T11:01:57","slug":"novopren-especial-corcho-2","status":"publish","type":"product","link":"https:\/\/rayt.com\/ca\/producto\/novopren-especial-corcho-2\/","title":{"rendered":"Novopren Especial Corcho"},"content":{"rendered":"<p>Adhesiu de contacte en base dissolvent per a paviments i plafons de suro en terres i parets. V\u00e0lid tamb\u00e9 per a altres materials com ara fusta i t\u00e8xtils. No adequat per a PVC o poliestir\u00e8 expandit.<\/p>\n","protected":false},"excerpt":{"rendered":"<p>Adhesiu de contacte en base dissolvent per a paviments i<\/p>\n","protected":false},"featured_media":1582,"comment_status":"open","ping_status":"closed","template":"","meta":{"_acf_changed":false},"product_cat":[573,561,436],"product_tag":[],"acf":[],"_links":{"self":[{"href":"https:\/\/rayt.com\/ca\/wp-json\/wp\/v2\/product\/2558"}],"collection":[{"href":"https:\/\/rayt.com\/ca\/wp-json\/wp\/v2\/product"}],"about":[{"href":"https:\/\/rayt.com\/ca\/wp-json\/wp\/v2\/types\/product"}],"replies":[{"embeddable":true,"href":"https:\/\/rayt.com\/ca\/wp-json\/wp\/v2\/comments?post=2558"}],"wp:featuredmedia":[{"embeddable":true,"href":"https:\/\/rayt.com\/ca\/wp-json\/wp\/v2\/media\/1582"}],"wp:attachment":[{"href":"https:\/\/rayt.com\/ca\/wp-json\/wp\/v2\/media?parent=2558"}],"wp:term":[{"taxonomy":"product_cat","embeddable":true,"href":"https:\/\/rayt.com\/ca\/wp-json\/wp\/v2\/product_cat?post=2558"},{"taxonomy":"product_tag","embeddable":true,"href":"https:\/\/rayt.com\/ca\/wp-json\/wp\/v2\/product_tag?post=2558"}],"curies":[{"name":"wp","href":"https:\/\/api.w.org\/{rel}","templated":true}]}}