{"id":2574,"date":"2020-12-09T07:48:26","date_gmt":"2020-12-09T07:53:00","guid":{"rendered":"http:\/\/rayt.com\/?post_type=product&#038;p=2574"},"modified":"2021-02-25T08:06:09","modified_gmt":"2021-02-25T08:06:09","slug":"novopren-tuberias-pvc-rigido","status":"publish","type":"product","link":"https:\/\/rayt.com\/ca\/producto\/novopren-tuberias-pvc-rigido\/","title":{"rendered":"Novopren Tuber\u00edas PVC r\u00edgido"},"content":{"rendered":"<p>Adhesiu especial per enganxar les unions i les connexions de canonades de PVC r\u00edgid, tant de pressi\u00f3 com d&#8217;evacuaci\u00f3. Compleix la norma UNE 53174.<\/p>\n","protected":false},"excerpt":{"rendered":"<p>Adhesiu especial per enganxar les unions i les connexions de<\/p>\n","protected":false},"featured_media":5565,"comment_status":"open","ping_status":"closed","template":"","meta":{"_acf_changed":false},"product_cat":[576,436],"product_tag":[],"acf":[],"_links":{"self":[{"href":"https:\/\/rayt.com\/ca\/wp-json\/wp\/v2\/product\/2574"}],"collection":[{"href":"https:\/\/rayt.com\/ca\/wp-json\/wp\/v2\/product"}],"about":[{"href":"https:\/\/rayt.com\/ca\/wp-json\/wp\/v2\/types\/product"}],"replies":[{"embeddable":true,"href":"https:\/\/rayt.com\/ca\/wp-json\/wp\/v2\/comments?post=2574"}],"wp:featuredmedia":[{"embeddable":true,"href":"https:\/\/rayt.com\/ca\/wp-json\/wp\/v2\/media\/5565"}],"wp:attachment":[{"href":"https:\/\/rayt.com\/ca\/wp-json\/wp\/v2\/media?parent=2574"}],"wp:term":[{"taxonomy":"product_cat","embeddable":true,"href":"https:\/\/rayt.com\/ca\/wp-json\/wp\/v2\/product_cat?post=2574"},{"taxonomy":"product_tag","embeddable":true,"href":"https:\/\/rayt.com\/ca\/wp-json\/wp\/v2\/product_tag?post=2574"}],"curies":[{"name":"wp","href":"https:\/\/api.w.org\/{rel}","templated":true}]}}