{"id":2578,"date":"2020-12-09T08:04:27","date_gmt":"2020-12-09T08:06:09","guid":{"rendered":"http:\/\/rayt.com\/?post_type=product&#038;p=2578"},"modified":"2020-12-09T08:06:09","modified_gmt":"2020-12-09T08:06:09","slug":"novopur-spray-higienizante","status":"publish","type":"product","link":"https:\/\/rayt.com\/ca\/producto\/novopur-spray-higienizante\/","title":{"rendered":"Novopur Spray Higienizante"},"content":{"rendered":"<p>Higienitzant alcoh\u00f2lic en esprai, per a la neteja i la higienitzaci\u00f3 de gespa artificial amb una gran efic\u00e0cia. Apte tamb\u00e9 per a mobiliari de jard\u00ed i altres t\u00e8xtils. No deixa residus.<\/p>\n","protected":false},"excerpt":{"rendered":"<p>Higienitzant alcoh\u00f2lic en esprai, per a la neteja i la<\/p>\n","protected":false},"featured_media":5765,"comment_status":"open","ping_status":"closed","template":"","meta":{"_acf_changed":false},"product_cat":[579,436],"product_tag":[],"acf":[],"_links":{"self":[{"href":"https:\/\/rayt.com\/ca\/wp-json\/wp\/v2\/product\/2578"}],"collection":[{"href":"https:\/\/rayt.com\/ca\/wp-json\/wp\/v2\/product"}],"about":[{"href":"https:\/\/rayt.com\/ca\/wp-json\/wp\/v2\/types\/product"}],"replies":[{"embeddable":true,"href":"https:\/\/rayt.com\/ca\/wp-json\/wp\/v2\/comments?post=2578"}],"wp:featuredmedia":[{"embeddable":true,"href":"https:\/\/rayt.com\/ca\/wp-json\/wp\/v2\/media\/5765"}],"wp:attachment":[{"href":"https:\/\/rayt.com\/ca\/wp-json\/wp\/v2\/media?parent=2578"}],"wp:term":[{"taxonomy":"product_cat","embeddable":true,"href":"https:\/\/rayt.com\/ca\/wp-json\/wp\/v2\/product_cat?post=2578"},{"taxonomy":"product_tag","embeddable":true,"href":"https:\/\/rayt.com\/ca\/wp-json\/wp\/v2\/product_tag?post=2578"}],"curies":[{"name":"wp","href":"https:\/\/api.w.org\/{rel}","templated":true}]}}