{"id":2583,"date":"2020-12-09T08:25:25","date_gmt":"2020-12-09T08:27:33","guid":{"rendered":"http:\/\/rayt.com\/?post_type=product&#038;p=2583"},"modified":"2020-12-09T08:27:34","modified_gmt":"2020-12-09T08:27:34","slug":"rayt-banda-de-union-autoadhesiva","status":"publish","type":"product","link":"https:\/\/rayt.com\/ca\/producto\/rayt-banda-de-union-autoadhesiva\/","title":{"rendered":"Rayt Banda de uni\u00f3n autoadhesiva"},"content":{"rendered":"<p>Banda d&#8217;uni\u00f3 t\u00e8xtil indicada especialment per a juntes d&#8217;unions de gespa artificial en rotlles que no es vulgui enganxar al terra, sobretot en decoraci\u00f3 de terrasses, balcons i interiors.<\/p>\n","protected":false},"excerpt":{"rendered":"<p>Banda d&#8217;uni\u00f3 t\u00e8xtil indicada especialment per a juntes d&#8217;unions de<\/p>\n","protected":false},"featured_media":5705,"comment_status":"open","ping_status":"closed","template":"","meta":{"_acf_changed":false},"product_cat":[579,436],"product_tag":[],"acf":[],"_links":{"self":[{"href":"https:\/\/rayt.com\/ca\/wp-json\/wp\/v2\/product\/2583"}],"collection":[{"href":"https:\/\/rayt.com\/ca\/wp-json\/wp\/v2\/product"}],"about":[{"href":"https:\/\/rayt.com\/ca\/wp-json\/wp\/v2\/types\/product"}],"replies":[{"embeddable":true,"href":"https:\/\/rayt.com\/ca\/wp-json\/wp\/v2\/comments?post=2583"}],"wp:featuredmedia":[{"embeddable":true,"href":"https:\/\/rayt.com\/ca\/wp-json\/wp\/v2\/media\/5705"}],"wp:attachment":[{"href":"https:\/\/rayt.com\/ca\/wp-json\/wp\/v2\/media?parent=2583"}],"wp:term":[{"taxonomy":"product_cat","embeddable":true,"href":"https:\/\/rayt.com\/ca\/wp-json\/wp\/v2\/product_cat?post=2583"},{"taxonomy":"product_tag","embeddable":true,"href":"https:\/\/rayt.com\/ca\/wp-json\/wp\/v2\/product_tag?post=2583"}],"curies":[{"name":"wp","href":"https:\/\/api.w.org\/{rel}","templated":true}]}}