{"id":2588,"date":"2020-12-09T08:19:02","date_gmt":"2020-12-09T08:40:23","guid":{"rendered":"http:\/\/rayt.com\/?post_type=product&#038;p=2588"},"modified":"2021-02-24T09:13:14","modified_gmt":"2021-02-24T09:13:14","slug":"rayt-banda-de-union-cesped-artificial","status":"publish","type":"product","link":"https:\/\/rayt.com\/ca\/producto\/rayt-banda-de-union-cesped-artificial\/","title":{"rendered":"Rayt Banda de uni\u00f3n c\u00e9sped artificial"},"content":{"rendered":"<p>Banda d&#8217;uni\u00f3 t\u00e8xtil indicada especialment per a juntes d&#8217;unions i per\u00edmetres (una vegada units) de gespa artificial en rotlles que no es vulgui enganxar al terra, com tamb\u00e9 moquetes firals, camps de golf, parcs i jardins, etc.<br \/>\n* Per a l&#8217;enganxament amb l&#8217;adhesiu NOVOPUR C\u00c9SPED ARTIFICIAL<\/p>\n","protected":false},"excerpt":{"rendered":"<p>Banda d&#8217;uni\u00f3 t\u00e8xtil indicada especialment per a juntes d&#8217;unions i<\/p>\n","protected":false},"featured_media":5709,"comment_status":"open","ping_status":"closed","template":"","meta":{"_acf_changed":false},"product_cat":[579,436],"product_tag":[],"acf":[],"_links":{"self":[{"href":"https:\/\/rayt.com\/ca\/wp-json\/wp\/v2\/product\/2588"}],"collection":[{"href":"https:\/\/rayt.com\/ca\/wp-json\/wp\/v2\/product"}],"about":[{"href":"https:\/\/rayt.com\/ca\/wp-json\/wp\/v2\/types\/product"}],"replies":[{"embeddable":true,"href":"https:\/\/rayt.com\/ca\/wp-json\/wp\/v2\/comments?post=2588"}],"wp:featuredmedia":[{"embeddable":true,"href":"https:\/\/rayt.com\/ca\/wp-json\/wp\/v2\/media\/5709"}],"wp:attachment":[{"href":"https:\/\/rayt.com\/ca\/wp-json\/wp\/v2\/media?parent=2588"}],"wp:term":[{"taxonomy":"product_cat","embeddable":true,"href":"https:\/\/rayt.com\/ca\/wp-json\/wp\/v2\/product_cat?post=2588"},{"taxonomy":"product_tag","embeddable":true,"href":"https:\/\/rayt.com\/ca\/wp-json\/wp\/v2\/product_tag?post=2588"}],"curies":[{"name":"wp","href":"https:\/\/api.w.org\/{rel}","templated":true}]}}