{"id":2604,"date":"2020-10-21T08:05:11","date_gmt":"2020-10-21T08:05:11","guid":{"rendered":"http:\/\/rayt.com\/?post_type=product&#038;p=2604"},"modified":"2020-12-09T09:26:03","modified_gmt":"2020-12-09T09:26:03","slug":"novopur-cesped-artificial-cartucho","status":"publish","type":"product","link":"https:\/\/rayt.com\/ca\/producto\/novopur-cesped-artificial-cartucho\/","title":{"rendered":"Novopur C\u00e9sped Artificial Cartucho"},"content":{"rendered":"<p>Adhesiu monocomponent preparat per fer-lo servir, d&#8217;aplicaci\u00f3 a una sola cara, per a juntes el\u00e0stiques i enganxament de gespa artificial i paviments de goma o cautx\u00fa tant en interiors com en exteriors. Gran capacitat de recobriment i farciment i resistent al lliscament.<\/p>\n","protected":false},"excerpt":{"rendered":"<p>Adhesiu monocomponent preparat per fer-lo servir, d&#8217;aplicaci\u00f3 a una sola<\/p>\n","protected":false},"featured_media":1516,"comment_status":"open","ping_status":"closed","template":"","meta":{"_acf_changed":false},"product_cat":[579,436],"product_tag":[],"acf":[],"_links":{"self":[{"href":"https:\/\/rayt.com\/ca\/wp-json\/wp\/v2\/product\/2604"}],"collection":[{"href":"https:\/\/rayt.com\/ca\/wp-json\/wp\/v2\/product"}],"about":[{"href":"https:\/\/rayt.com\/ca\/wp-json\/wp\/v2\/types\/product"}],"replies":[{"embeddable":true,"href":"https:\/\/rayt.com\/ca\/wp-json\/wp\/v2\/comments?post=2604"}],"wp:featuredmedia":[{"embeddable":true,"href":"https:\/\/rayt.com\/ca\/wp-json\/wp\/v2\/media\/1516"}],"wp:attachment":[{"href":"https:\/\/rayt.com\/ca\/wp-json\/wp\/v2\/media?parent=2604"}],"wp:term":[{"taxonomy":"product_cat","embeddable":true,"href":"https:\/\/rayt.com\/ca\/wp-json\/wp\/v2\/product_cat?post=2604"},{"taxonomy":"product_tag","embeddable":true,"href":"https:\/\/rayt.com\/ca\/wp-json\/wp\/v2\/product_tag?post=2604"}],"curies":[{"name":"wp","href":"https:\/\/api.w.org\/{rel}","templated":true}]}}