{"id":2608,"date":"2020-12-09T09:37:44","date_gmt":"2020-12-09T09:40:54","guid":{"rendered":"http:\/\/rayt.com\/?post_type=product&#038;p=2608"},"modified":"2023-04-25T14:41:02","modified_gmt":"2023-04-25T14:41:02","slug":"novopur-cesped-artificial-bi-componente-2","status":"publish","type":"product","link":"https:\/\/rayt.com\/ca\/producto\/novopur-cesped-artificial-bi-componente-2\/","title":{"rendered":"Novopur C\u00e9sped Artificial Bi-componente"},"content":{"rendered":"<p>Adhesiu bicomponent aplicable a una sola cara per a la instal\u00b7laci\u00f3 de gespa artificial i paviments de goma o cautx\u00fa tant en interiors com en exteriors. Gran capacitat de recobriment i resistent al lliscament.<\/p>\n<p>&nbsp;<\/p>\n<p><strong>Per a un \u00fas segur de l&#8217;escuma que cont\u00e9 diisocianats, oferim als nostres usuaris una formaci\u00f3 en seguretat; obligat\u00f2ria per a usuaris professionals i industrials.<\/strong><\/p>\n<p><a class=\"fasc-button fasc-size-large fasc-type-flat fasc-style-bold\" style=\"background-color: #ff010b; color: #ffffff;\" target=\"_blank\" rel=\"noopener noreferrer\" href=\"https:\/\/isopa-aisbl.idloom.events\/048-es\">Oferim formaci\u00f3 gratu\u00efta en l\u00ednia, aix\u00ed com certificat final de realitzaci\u00f3, amb el codi seg\u00fcent: FEICA_21_N3<\/a><\/p>\n","protected":false},"excerpt":{"rendered":"<p>Adhesiu bicomponent aplicable a una sola cara per a la<\/p>\n","protected":false},"featured_media":5359,"comment_status":"open","ping_status":"closed","template":"","meta":{"_acf_changed":false},"product_cat":[579,436],"product_tag":[],"acf":[],"_links":{"self":[{"href":"https:\/\/rayt.com\/ca\/wp-json\/wp\/v2\/product\/2608"}],"collection":[{"href":"https:\/\/rayt.com\/ca\/wp-json\/wp\/v2\/product"}],"about":[{"href":"https:\/\/rayt.com\/ca\/wp-json\/wp\/v2\/types\/product"}],"replies":[{"embeddable":true,"href":"https:\/\/rayt.com\/ca\/wp-json\/wp\/v2\/comments?post=2608"}],"wp:featuredmedia":[{"embeddable":true,"href":"https:\/\/rayt.com\/ca\/wp-json\/wp\/v2\/media\/5359"}],"wp:attachment":[{"href":"https:\/\/rayt.com\/ca\/wp-json\/wp\/v2\/media?parent=2608"}],"wp:term":[{"taxonomy":"product_cat","embeddable":true,"href":"https:\/\/rayt.com\/ca\/wp-json\/wp\/v2\/product_cat?post=2608"},{"taxonomy":"product_tag","embeddable":true,"href":"https:\/\/rayt.com\/ca\/wp-json\/wp\/v2\/product_tag?post=2608"}],"curies":[{"name":"wp","href":"https:\/\/api.w.org\/{rel}","templated":true}]}}