{"id":2613,"date":"2020-12-09T09:51:22","date_gmt":"2020-12-09T09:51:22","guid":{"rendered":"http:\/\/rayt.com\/?post_type=product&#038;p=2613"},"modified":"2021-02-25T09:06:52","modified_gmt":"2021-02-25T09:06:52","slug":"novopren-cesped-c-2299-a-2","status":"publish","type":"product","link":"https:\/\/rayt.com\/ca\/producto\/novopren-cesped-c-2299-a-2\/","title":{"rendered":"Novopren C\u00e9sped C-2299-A"},"content":{"rendered":"<p>Cola de contacte per a la instal\u00b7laci\u00f3 de gespa artificial i moquetes tant en interiors com en exteriors. Proporciona una resist\u00e8ncia a la intemp\u00e8rie, els olis i les gasolines superior a la dels adhesius de contacte convencionals.<\/p>\n","protected":false},"excerpt":{"rendered":"<p>Cola de contacte per a la instal\u00b7laci\u00f3 de gespa artificial<\/p>\n","protected":false},"featured_media":5528,"comment_status":"open","ping_status":"closed","template":"","meta":{"_acf_changed":false},"product_cat":[579,436],"product_tag":[],"acf":[],"_links":{"self":[{"href":"https:\/\/rayt.com\/ca\/wp-json\/wp\/v2\/product\/2613"}],"collection":[{"href":"https:\/\/rayt.com\/ca\/wp-json\/wp\/v2\/product"}],"about":[{"href":"https:\/\/rayt.com\/ca\/wp-json\/wp\/v2\/types\/product"}],"replies":[{"embeddable":true,"href":"https:\/\/rayt.com\/ca\/wp-json\/wp\/v2\/comments?post=2613"}],"wp:featuredmedia":[{"embeddable":true,"href":"https:\/\/rayt.com\/ca\/wp-json\/wp\/v2\/media\/5528"}],"wp:attachment":[{"href":"https:\/\/rayt.com\/ca\/wp-json\/wp\/v2\/media?parent=2613"}],"wp:term":[{"taxonomy":"product_cat","embeddable":true,"href":"https:\/\/rayt.com\/ca\/wp-json\/wp\/v2\/product_cat?post=2613"},{"taxonomy":"product_tag","embeddable":true,"href":"https:\/\/rayt.com\/ca\/wp-json\/wp\/v2\/product_tag?post=2613"}],"curies":[{"name":"wp","href":"https:\/\/api.w.org\/{rel}","templated":true}]}}