{"id":2630,"date":"2020-10-21T07:35:13","date_gmt":"2020-12-09T10:06:40","guid":{"rendered":"http:\/\/rayt.com\/?post_type=product&#038;p=2630"},"modified":"2021-02-25T08:47:05","modified_gmt":"2021-02-25T08:47:05","slug":"sprint-acelerador-tapaporos","status":"publish","type":"product","link":"https:\/\/rayt.com\/ca\/producto\/sprint-acelerador-tapaporos\/","title":{"rendered":"Sprint Acelerador Tapaporos"},"content":{"rendered":"<p>Esprai amb doble funci\u00f3: accelerador de l&#8217;enganxament (ja que prepara la superf\u00edcie per a l&#8217;\u00fas de l&#8217;adhesiu instantani Sprint Cianoacrilato) i segella les superf\u00edcies molt poroses creant una pel\u00b7l\u00edcula adherent que ajuda que l&#8217;enganxament sigui \u00f2ptim. A m\u00e9s, accelera l&#8217;assecatge.<\/p>\n","protected":false},"excerpt":{"rendered":"<p>Esprai amb doble funci\u00f3: accelerador de l&#8217;enganxament (ja que prepara<\/p>\n","protected":false},"featured_media":5729,"comment_status":"open","ping_status":"closed","template":"","meta":{"_acf_changed":false},"product_cat":[582,436],"product_tag":[],"acf":[],"_links":{"self":[{"href":"https:\/\/rayt.com\/ca\/wp-json\/wp\/v2\/product\/2630"}],"collection":[{"href":"https:\/\/rayt.com\/ca\/wp-json\/wp\/v2\/product"}],"about":[{"href":"https:\/\/rayt.com\/ca\/wp-json\/wp\/v2\/types\/product"}],"replies":[{"embeddable":true,"href":"https:\/\/rayt.com\/ca\/wp-json\/wp\/v2\/comments?post=2630"}],"wp:featuredmedia":[{"embeddable":true,"href":"https:\/\/rayt.com\/ca\/wp-json\/wp\/v2\/media\/5729"}],"wp:attachment":[{"href":"https:\/\/rayt.com\/ca\/wp-json\/wp\/v2\/media?parent=2630"}],"wp:term":[{"taxonomy":"product_cat","embeddable":true,"href":"https:\/\/rayt.com\/ca\/wp-json\/wp\/v2\/product_cat?post=2630"},{"taxonomy":"product_tag","embeddable":true,"href":"https:\/\/rayt.com\/ca\/wp-json\/wp\/v2\/product_tag?post=2630"}],"curies":[{"name":"wp","href":"https:\/\/api.w.org\/{rel}","templated":true}]}}