{"id":2658,"date":"2020-10-21T07:19:46","date_gmt":"2020-12-09T10:31:38","guid":{"rendered":"http:\/\/rayt.com\/?post_type=product&#038;p=2658"},"modified":"2021-02-25T08:43:19","modified_gmt":"2021-02-25T08:43:19","slug":"sprint-cianoacrilato","status":"publish","type":"product","link":"https:\/\/rayt.com\/ca\/producto\/sprint-cianoacrilato\/","title":{"rendered":"Sprint Cianoacrilato"},"content":{"rendered":"<p>Adhesiu instantani en base de cianoacrilat dissenyat per a unions d&#8217;alta resist\u00e8ncia en fusta, pl\u00e0stic, cautx\u00fa, goma, cer\u00e0mica i altres materials porosos, absorbents i no porosos.<\/p>\n","protected":false},"excerpt":{"rendered":"<p>Adhesiu instantani en base de cianoacrilat dissenyat per a unions<\/p>\n","protected":false},"featured_media":2655,"comment_status":"open","ping_status":"closed","template":"","meta":{"_acf_changed":false},"product_cat":[582,436],"product_tag":[],"acf":[],"_links":{"self":[{"href":"https:\/\/rayt.com\/ca\/wp-json\/wp\/v2\/product\/2658"}],"collection":[{"href":"https:\/\/rayt.com\/ca\/wp-json\/wp\/v2\/product"}],"about":[{"href":"https:\/\/rayt.com\/ca\/wp-json\/wp\/v2\/types\/product"}],"replies":[{"embeddable":true,"href":"https:\/\/rayt.com\/ca\/wp-json\/wp\/v2\/comments?post=2658"}],"wp:featuredmedia":[{"embeddable":true,"href":"https:\/\/rayt.com\/ca\/wp-json\/wp\/v2\/media\/2655"}],"wp:attachment":[{"href":"https:\/\/rayt.com\/ca\/wp-json\/wp\/v2\/media?parent=2658"}],"wp:term":[{"taxonomy":"product_cat","embeddable":true,"href":"https:\/\/rayt.com\/ca\/wp-json\/wp\/v2\/product_cat?post=2658"},{"taxonomy":"product_tag","embeddable":true,"href":"https:\/\/rayt.com\/ca\/wp-json\/wp\/v2\/product_tag?post=2658"}],"curies":[{"name":"wp","href":"https:\/\/api.w.org\/{rel}","templated":true}]}}