{"id":2667,"date":"2020-10-27T10:10:07","date_gmt":"2020-12-09T10:44:20","guid":{"rendered":"http:\/\/rayt.com\/?post_type=product&#038;p=2667"},"modified":"2021-02-24T08:55:32","modified_gmt":"2021-02-24T08:55:32","slug":"novopren-pegamento-universal-transparente","status":"publish","type":"product","link":"https:\/\/rayt.com\/ca\/producto\/novopren-pegamento-universal-transparente\/","title":{"rendered":"Novopren Pegamento universal transparente"},"content":{"rendered":"<p>Adhesiu universal per enganxar m\u00faltiples materials com ara paper, cart\u00f3, cer\u00e0mica, fusta o suro. No cal aplicar la cola a doble cara ni airejar-la.<\/p>\n","protected":false},"excerpt":{"rendered":"<p>Adhesiu universal per enganxar m\u00faltiples materials com ara paper, cart\u00f3,<\/p>\n","protected":false},"featured_media":2663,"comment_status":"open","ping_status":"closed","template":"","meta":{"_acf_changed":false},"product_cat":[585,436],"product_tag":[],"acf":[],"_links":{"self":[{"href":"https:\/\/rayt.com\/ca\/wp-json\/wp\/v2\/product\/2667"}],"collection":[{"href":"https:\/\/rayt.com\/ca\/wp-json\/wp\/v2\/product"}],"about":[{"href":"https:\/\/rayt.com\/ca\/wp-json\/wp\/v2\/types\/product"}],"replies":[{"embeddable":true,"href":"https:\/\/rayt.com\/ca\/wp-json\/wp\/v2\/comments?post=2667"}],"wp:featuredmedia":[{"embeddable":true,"href":"https:\/\/rayt.com\/ca\/wp-json\/wp\/v2\/media\/2663"}],"wp:attachment":[{"href":"https:\/\/rayt.com\/ca\/wp-json\/wp\/v2\/media?parent=2667"}],"wp:term":[{"taxonomy":"product_cat","embeddable":true,"href":"https:\/\/rayt.com\/ca\/wp-json\/wp\/v2\/product_cat?post=2667"},{"taxonomy":"product_tag","embeddable":true,"href":"https:\/\/rayt.com\/ca\/wp-json\/wp\/v2\/product_tag?post=2667"}],"curies":[{"name":"wp","href":"https:\/\/api.w.org\/{rel}","templated":true}]}}