{"id":2683,"date":"2020-10-20T08:26:56","date_gmt":"2020-12-09T11:07:58","guid":{"rendered":"http:\/\/rayt.com\/?post_type=product&#038;p=2683"},"modified":"2021-02-25T08:33:32","modified_gmt":"2021-02-25T08:33:32","slug":"novopren-adhesivo-en-spray","status":"publish","type":"product","link":"https:\/\/rayt.com\/ca\/producto\/novopren-adhesivo-en-spray\/","title":{"rendered":"Novopren Adhesivo en Spray"},"content":{"rendered":"<p>Adhesiu en esprai que resol f\u00e0cilment els petits treballs d&#8217;enganxament en bricolatge i manualitats, com tamb\u00e9 altres \u00e0mbits (fotografia, treballs escolars, etc.).<\/p>\n","protected":false},"excerpt":{"rendered":"<p>Adhesiu en esprai que resol f\u00e0cilment els petits treballs d&#8217;enganxament<\/p>\n","protected":false},"featured_media":2680,"comment_status":"open","ping_status":"closed","template":"","meta":{"_acf_changed":false},"product_cat":[588,436],"product_tag":[],"acf":[],"_links":{"self":[{"href":"https:\/\/rayt.com\/ca\/wp-json\/wp\/v2\/product\/2683"}],"collection":[{"href":"https:\/\/rayt.com\/ca\/wp-json\/wp\/v2\/product"}],"about":[{"href":"https:\/\/rayt.com\/ca\/wp-json\/wp\/v2\/types\/product"}],"replies":[{"embeddable":true,"href":"https:\/\/rayt.com\/ca\/wp-json\/wp\/v2\/comments?post=2683"}],"wp:featuredmedia":[{"embeddable":true,"href":"https:\/\/rayt.com\/ca\/wp-json\/wp\/v2\/media\/2680"}],"wp:attachment":[{"href":"https:\/\/rayt.com\/ca\/wp-json\/wp\/v2\/media?parent=2683"}],"wp:term":[{"taxonomy":"product_cat","embeddable":true,"href":"https:\/\/rayt.com\/ca\/wp-json\/wp\/v2\/product_cat?post=2683"},{"taxonomy":"product_tag","embeddable":true,"href":"https:\/\/rayt.com\/ca\/wp-json\/wp\/v2\/product_tag?post=2683"}],"curies":[{"name":"wp","href":"https:\/\/api.w.org\/{rel}","templated":true}]}}