{"id":2688,"date":"2020-12-09T11:26:50","date_gmt":"2020-12-09T11:30:40","guid":{"rendered":"http:\/\/rayt.com\/?post_type=product&#038;p=2688"},"modified":"2021-02-24T10:17:41","modified_gmt":"2021-02-24T10:17:41","slug":"novopren-polivalente-2","status":"publish","type":"product","link":"https:\/\/rayt.com\/ca\/producto\/novopren-polivalente-2\/","title":{"rendered":"Novopren Polivalente"},"content":{"rendered":"<p>Cola de contacte d&#8217;alta qualitat per a \u00fas principal en decoraci\u00f3 i construcci\u00f3. Adequada per a uni\u00f3 d&#8217;estratificats pl\u00e0stics, goma, suro, lin\u00f2leum, revestiments t\u00e8xtils i paviments de PVC.<\/p>\n","protected":false},"excerpt":{"rendered":"<p>Cola de contacte d&#8217;alta qualitat per a \u00fas principal en<\/p>\n","protected":false},"featured_media":5549,"comment_status":"open","ping_status":"closed","template":"","meta":{"_acf_changed":false},"product_cat":[432,436],"product_tag":[],"acf":[],"_links":{"self":[{"href":"https:\/\/rayt.com\/ca\/wp-json\/wp\/v2\/product\/2688"}],"collection":[{"href":"https:\/\/rayt.com\/ca\/wp-json\/wp\/v2\/product"}],"about":[{"href":"https:\/\/rayt.com\/ca\/wp-json\/wp\/v2\/types\/product"}],"replies":[{"embeddable":true,"href":"https:\/\/rayt.com\/ca\/wp-json\/wp\/v2\/comments?post=2688"}],"wp:featuredmedia":[{"embeddable":true,"href":"https:\/\/rayt.com\/ca\/wp-json\/wp\/v2\/media\/5549"}],"wp:attachment":[{"href":"https:\/\/rayt.com\/ca\/wp-json\/wp\/v2\/media?parent=2688"}],"wp:term":[{"taxonomy":"product_cat","embeddable":true,"href":"https:\/\/rayt.com\/ca\/wp-json\/wp\/v2\/product_cat?post=2688"},{"taxonomy":"product_tag","embeddable":true,"href":"https:\/\/rayt.com\/ca\/wp-json\/wp\/v2\/product_tag?post=2688"}],"curies":[{"name":"wp","href":"https:\/\/api.w.org\/{rel}","templated":true}]}}