{"id":2717,"date":"2020-10-28T08:01:18","date_gmt":"2020-12-09T14:43:43","guid":{"rendered":"http:\/\/rayt.com\/?post_type=product&#038;p=2717"},"modified":"2021-02-18T09:04:23","modified_gmt":"2021-02-18T09:04:23","slug":"g-6529","status":"publish","type":"product","link":"https:\/\/rayt.com\/ca\/producto\/g-6529\/","title":{"rendered":"G-6529"},"content":{"rendered":"<div id=\"description_content\" class=\"rte align_justify\">\n<p>HOT-MELT AUTOADHESIU A TAC PER APLICACIONS ESPECIALS.<\/p>\n<\/div>\n<div id=\"description_content\" class=\"rte align_justify\">\n<p>Adhesiu sensible a la pressi\u00f3 d&#8217;alta adhesivitat i tack permanent per multitud d&#8217;aplicacions: Sanitaris, Assemblatge de pl\u00e0stics, Etiquetes autoadhesives, etc.Baixa viscositat que permet la seva utilitzaci\u00f3 per espirolat.<\/p>\n<\/div>\n<h4>CARACTER\u00cdSTIQUES<\/h4>\n<p>Fixaci\u00f3 del &#8220;*fluff&#8221; en productes higi\u00e8nic-sanitaris.<br \/>\nTemperatura d&#8217;aplicaci\u00f3: 140-180\u00baC.<br \/>\nViscositat molt baixa.<br \/>\nAplicaci\u00f3 per spray.<br \/>\nCompleix amb FDA 175.105 per a contacte indirecte amb aliments.<\/p>\n","protected":false},"excerpt":{"rendered":"<p>HOT-MELT AUTOADHESIU A TAC PER APLICACIONS ESPECIALS. Adhesiu sensible a<\/p>\n","protected":false},"featured_media":2718,"comment_status":"open","ping_status":"closed","template":"","meta":{"_acf_changed":false},"product_cat":[597,630,757,761,1354,1359,1433,600,825,755,624,770,820],"product_tag":[],"acf":[],"_links":{"self":[{"href":"https:\/\/rayt.com\/ca\/wp-json\/wp\/v2\/product\/2717"}],"collection":[{"href":"https:\/\/rayt.com\/ca\/wp-json\/wp\/v2\/product"}],"about":[{"href":"https:\/\/rayt.com\/ca\/wp-json\/wp\/v2\/types\/product"}],"replies":[{"embeddable":true,"href":"https:\/\/rayt.com\/ca\/wp-json\/wp\/v2\/comments?post=2717"}],"wp:featuredmedia":[{"embeddable":true,"href":"https:\/\/rayt.com\/ca\/wp-json\/wp\/v2\/media\/2718"}],"wp:attachment":[{"href":"https:\/\/rayt.com\/ca\/wp-json\/wp\/v2\/media?parent=2717"}],"wp:term":[{"taxonomy":"product_cat","embeddable":true,"href":"https:\/\/rayt.com\/ca\/wp-json\/wp\/v2\/product_cat?post=2717"},{"taxonomy":"product_tag","embeddable":true,"href":"https:\/\/rayt.com\/ca\/wp-json\/wp\/v2\/product_tag?post=2717"}],"curies":[{"name":"wp","href":"https:\/\/api.w.org\/{rel}","templated":true}]}}