{"id":2725,"date":"2020-10-28T07:53:52","date_gmt":"2020-12-09T15:14:47","guid":{"rendered":"http:\/\/rayt.com\/?post_type=product&#038;p=2725"},"modified":"2021-02-18T09:05:37","modified_gmt":"2021-02-18T09:05:37","slug":"g-6592-bv-pillow","status":"publish","type":"product","link":"https:\/\/rayt.com\/ca\/producto\/g-6592-bv-pillow\/","title":{"rendered":"G-6592-BV PILLOW"},"content":{"rendered":"<div id=\"description_content\" class=\"rte align_justify\">\n<div id=\"description_content\" class=\"rte align_justify\">\n<p>HOT-MELT AUTOADHESIU EN PILLOWS PER APLICACIONS ESPECIALS.<\/p>\n<\/div>\n<div id=\"description_content\" class=\"rte align_justify\">\n<p>Adhesiu sensible a la pressi\u00f3 d&#8217;alta adhesivitat i tack permanent per multitud d&#8217;aplicacions: Sanitaris, Assemblatge de pl\u00e0stics, Etiquetes autoadhesives<\/p>\n<\/div>\n<\/div>\n<h4>CARACTER\u00cdSTIQUES<\/h4>\n<p>Bona adhesi\u00f3 sobre una gran varietat de teixits i bona cohesi\u00f3, no deixa residus sobre les superf\u00edcies aplicades.<br \/>\nAplicaci\u00f3 per una \u00e0mplia varietat de sistemes (laminaci\u00f3, espirolado, &#8220;spray etc.).<br \/>\nConfecci\u00f3 de compreses higi\u00e8niques autoadherents.<br \/>\nTemperatura d&#8217;aplicaci\u00f3: 160-190\u00baC.<br \/>\nCompleix amb FDA 175.105 per a contacte indirecte amb aliments.<\/p>\n","protected":false},"excerpt":{"rendered":"<p>HOT-MELT AUTOADHESIU EN PILLOWS PER APLICACIONS ESPECIALS. Adhesiu sensible a<\/p>\n","protected":false},"featured_media":2726,"comment_status":"open","ping_status":"closed","template":"","meta":{"_acf_changed":false},"product_cat":[597,630,760,757,761,1349,1354,1359,1433,600,825,755,624,770,820],"product_tag":[],"acf":[],"_links":{"self":[{"href":"https:\/\/rayt.com\/ca\/wp-json\/wp\/v2\/product\/2725"}],"collection":[{"href":"https:\/\/rayt.com\/ca\/wp-json\/wp\/v2\/product"}],"about":[{"href":"https:\/\/rayt.com\/ca\/wp-json\/wp\/v2\/types\/product"}],"replies":[{"embeddable":true,"href":"https:\/\/rayt.com\/ca\/wp-json\/wp\/v2\/comments?post=2725"}],"wp:featuredmedia":[{"embeddable":true,"href":"https:\/\/rayt.com\/ca\/wp-json\/wp\/v2\/media\/2726"}],"wp:attachment":[{"href":"https:\/\/rayt.com\/ca\/wp-json\/wp\/v2\/media?parent=2725"}],"wp:term":[{"taxonomy":"product_cat","embeddable":true,"href":"https:\/\/rayt.com\/ca\/wp-json\/wp\/v2\/product_cat?post=2725"},{"taxonomy":"product_tag","embeddable":true,"href":"https:\/\/rayt.com\/ca\/wp-json\/wp\/v2\/product_tag?post=2725"}],"curies":[{"name":"wp","href":"https:\/\/api.w.org\/{rel}","templated":true}]}}