{"id":2741,"date":"2020-11-03T12:02:12","date_gmt":"2020-12-10T08:49:14","guid":{"rendered":"http:\/\/rayt.com\/?post_type=product&#038;p=2741"},"modified":"2021-02-19T15:11:18","modified_gmt":"2021-02-19T15:11:18","slug":"g-6434-pillow","status":"publish","type":"product","link":"https:\/\/rayt.com\/ca\/producto\/g-6434-pillow\/","title":{"rendered":"G-6434-PILLOW"},"content":{"rendered":"<p>HOT-MELT AUTOADHESIU EN TACS PER APLICACIONS ESPECIALS.<br \/>\nAdhesiu per a la uni\u00f3 de materials amb algun tipus de recobriment (paraf\u00ednic, PE, vernissos, etc.) en el proc\u00e9s de fabricaci\u00f3 de displays expositors, PLV, cartelleria, etc.<\/p>\n<h4>CARACTER\u00cdSTIQUES<\/h4>\n<p>Adequat per a la uni\u00f3 de materials amb algun tipus de recobriment ( paraf\u00ednic, PE, vernissos etc.).<br \/>\nTancament i formaci\u00f3 d&#8217;estoigs de cartr\u00f3.<br \/>\nTemperatura d&#8217;aplicaci\u00f3: 160-180\u00baC.<br \/>\nTemps obert molt llarg.<br \/>\nCompleix amb FDA 175.105 per a contacte indirecte amb aliments.<\/p>\n","protected":false},"excerpt":{"rendered":"<p>HOT-MELT AUTOADHESIU EN TACS PER APLICACIONS ESPECIALS. Adhesiu per a<\/p>\n","protected":false},"featured_media":2742,"comment_status":"open","ping_status":"closed","template":"","meta":{"_acf_changed":false},"product_cat":[597,1011,1089,976,979,654,675,651,621,745,989,678,657,681,1759,1783,1735,1687,1681,1792,1285,1298,1348,1594,1677,600,618,973,990,1008,988,1014],"product_tag":[],"acf":[],"_links":{"self":[{"href":"https:\/\/rayt.com\/ca\/wp-json\/wp\/v2\/product\/2741"}],"collection":[{"href":"https:\/\/rayt.com\/ca\/wp-json\/wp\/v2\/product"}],"about":[{"href":"https:\/\/rayt.com\/ca\/wp-json\/wp\/v2\/types\/product"}],"replies":[{"embeddable":true,"href":"https:\/\/rayt.com\/ca\/wp-json\/wp\/v2\/comments?post=2741"}],"wp:featuredmedia":[{"embeddable":true,"href":"https:\/\/rayt.com\/ca\/wp-json\/wp\/v2\/media\/2742"}],"wp:attachment":[{"href":"https:\/\/rayt.com\/ca\/wp-json\/wp\/v2\/media?parent=2741"}],"wp:term":[{"taxonomy":"product_cat","embeddable":true,"href":"https:\/\/rayt.com\/ca\/wp-json\/wp\/v2\/product_cat?post=2741"},{"taxonomy":"product_tag","embeddable":true,"href":"https:\/\/rayt.com\/ca\/wp-json\/wp\/v2\/product_tag?post=2741"}],"curies":[{"name":"wp","href":"https:\/\/api.w.org\/{rel}","templated":true}]}}