{"id":2753,"date":"2020-11-04T08:15:04","date_gmt":"2020-12-10T09:13:37","guid":{"rendered":"http:\/\/rayt.com\/?post_type=product&#038;p=2753"},"modified":"2021-02-19T16:11:53","modified_gmt":"2021-02-19T16:11:53","slug":"barras-hm-rb-900-blancas","status":"publish","type":"product","link":"https:\/\/rayt.com\/ca\/producto\/barras-hm-rb-900-blancas\/","title":{"rendered":"BARRAS HM RB-900 BLANCAS"},"content":{"rendered":"<p>ADHESIU HOT-MELT EN BARRES DE 11-12 mm. PER A \u00daS GENERAL. Color blanc.<br \/>\nBarres color blanc per a aplicacions de bricolatge, decoraci\u00f3, acoblament, tancat de caixes i paquets o qualsevol \u00fas on es precisi un encolat instantani. \u00das en calent mitjan\u00e7ant pistoles especials de di\u00e0metre 12 mm.<\/p>\n<h4>CARACTER\u00cdSTIQUES<\/h4>\n<p>Adhesiu termofusible adequat per l&#8217;encolat de materials porosos com paper, fusta, cartr\u00f3 etc.<br \/>\nTemperatura d&#8217;aplicaci\u00f3: 180-200\u00baC mitjan\u00e7ant pistola manual.<br \/>\nDi\u00e0metre: 11,6 mm<br \/>\nLongitud: 184 mm<br \/>\nColor blanc.<br \/>\nCompleix amb FDA 175.105 per a contacte indirecte amb aliments.<\/p>\n","protected":false},"excerpt":{"rendered":"<p>ADHESIU HOT-MELT EN BARRES DE 11-12 mm. PER A \u00daS<\/p>\n","protected":false},"featured_media":2748,"comment_status":"open","ping_status":"closed","template":"","meta":{"_acf_changed":false},"product_cat":[597,1011,976,979,1737,654,651,621,745,964,989,958,657,1341,1275,1697,1579,1700,1772,1787,600,618,973,1008,988,1014],"product_tag":[],"acf":[],"_links":{"self":[{"href":"https:\/\/rayt.com\/ca\/wp-json\/wp\/v2\/product\/2753"}],"collection":[{"href":"https:\/\/rayt.com\/ca\/wp-json\/wp\/v2\/product"}],"about":[{"href":"https:\/\/rayt.com\/ca\/wp-json\/wp\/v2\/types\/product"}],"replies":[{"embeddable":true,"href":"https:\/\/rayt.com\/ca\/wp-json\/wp\/v2\/comments?post=2753"}],"wp:featuredmedia":[{"embeddable":true,"href":"https:\/\/rayt.com\/ca\/wp-json\/wp\/v2\/media\/2748"}],"wp:attachment":[{"href":"https:\/\/rayt.com\/ca\/wp-json\/wp\/v2\/media?parent=2753"}],"wp:term":[{"taxonomy":"product_cat","embeddable":true,"href":"https:\/\/rayt.com\/ca\/wp-json\/wp\/v2\/product_cat?post=2753"},{"taxonomy":"product_tag","embeddable":true,"href":"https:\/\/rayt.com\/ca\/wp-json\/wp\/v2\/product_tag?post=2753"}],"curies":[{"name":"wp","href":"https:\/\/api.w.org\/{rel}","templated":true}]}}