{"id":2809,"date":"2020-12-10T10:30:50","date_gmt":"2020-12-10T10:30:50","guid":{"rendered":"http:\/\/rayt.com\/?post_type=product&#038;p=2809"},"modified":"2021-02-25T08:56:56","modified_gmt":"2021-02-25T08:56:56","slug":"botellin-cola-blanca-super-fuerte-2","status":"publish","type":"product","link":"https:\/\/rayt.com\/ca\/producto\/botellin-cola-blanca-super-fuerte-2\/","title":{"rendered":"Botell\u00edn Cola Blanca S\u00faper Fuerte"},"content":{"rendered":"<p>Adhesiu multi\u00fas r\u00e0pid d&#8217;\u00fas general per enganxar fusta amb fusta, fusta amb estratificat pl\u00e0stic, paper, cart\u00f3, cer\u00e0mica i sobre tota mena de materials porosos.<\/p>\n","protected":false},"excerpt":{"rendered":"<p>Adhesiu multi\u00fas r\u00e0pid d&#8217;\u00fas general per enganxar fusta amb fusta,<\/p>\n","protected":false},"featured_media":8609,"comment_status":"open","ping_status":"closed","template":"","meta":{"_acf_changed":false},"product_cat":[429,436],"product_tag":[],"acf":[],"_links":{"self":[{"href":"https:\/\/rayt.com\/ca\/wp-json\/wp\/v2\/product\/2809"}],"collection":[{"href":"https:\/\/rayt.com\/ca\/wp-json\/wp\/v2\/product"}],"about":[{"href":"https:\/\/rayt.com\/ca\/wp-json\/wp\/v2\/types\/product"}],"replies":[{"embeddable":true,"href":"https:\/\/rayt.com\/ca\/wp-json\/wp\/v2\/comments?post=2809"}],"wp:featuredmedia":[{"embeddable":true,"href":"https:\/\/rayt.com\/ca\/wp-json\/wp\/v2\/media\/8609"}],"wp:attachment":[{"href":"https:\/\/rayt.com\/ca\/wp-json\/wp\/v2\/media?parent=2809"}],"wp:term":[{"taxonomy":"product_cat","embeddable":true,"href":"https:\/\/rayt.com\/ca\/wp-json\/wp\/v2\/product_cat?post=2809"},{"taxonomy":"product_tag","embeddable":true,"href":"https:\/\/rayt.com\/ca\/wp-json\/wp\/v2\/product_tag?post=2809"}],"curies":[{"name":"wp","href":"https:\/\/api.w.org\/{rel}","templated":true}]}}