{"id":2847,"date":"2020-11-03T10:31:37","date_gmt":"2020-12-11T09:33:08","guid":{"rendered":"http:\/\/rayt.com\/?post_type=product&#038;p=2847"},"modified":"2021-02-18T10:53:21","modified_gmt":"2021-02-18T10:53:21","slug":"g-6422-nr","status":"publish","type":"product","link":"https:\/\/rayt.com\/ca\/producto\/g-6422-nr\/","title":{"rendered":"G-6422-NR"},"content":{"rendered":"<p>HOT-MELT MOLT R\u00c0PID PER FORMACI\u00d3 I TANCAT DE CAIXES.<br \/>\nAdhesiu termofusible indicat per a la formaci\u00f3 i tancat de caixes de cartr\u00f3 en m\u00e0quines autom\u00e0tiques, formaci\u00f3 de safates i caixes wrap-around (envoltants).<\/p>\n<h4>CARACTER\u00cdSTIQUES<\/h4>\n<p>Especialment adequat per a sistemes \u0093wrap-around\u0094 que, a causa de les seves caracter\u00edstiques especials o al tipus d&#8217;embalatge, precisen d&#8217;un temps d&#8217;enduriment r\u00e0pid.<br \/>\nTancat i formaci\u00f3 de caixes de cartr\u00f3 en m\u00e0quines autom\u00e0tiques.<br \/>\nCompleix amb FDA 175.105 per a contacte indirecte amb aliments.<br \/>\nTemperatura d&#8217;aplicaci\u00f3: 160-180\u00baC.<\/p>\n","protected":false},"excerpt":{"rendered":"<p>HOT-MELT MOLT R\u00c0PID PER FORMACI\u00d3 I TANCAT DE CAIXES. Adhesiu<\/p>\n","protected":false},"featured_media":2833,"comment_status":"open","ping_status":"closed","template":"","meta":{"_acf_changed":false},"product_cat":[1011,1089,976,979,654,675,651,745,997,678,657,681,1780,1764,1281,1288,1587,1617,1619,1666,1705,600,973,1008,1786,1014],"product_tag":[],"acf":[],"_links":{"self":[{"href":"https:\/\/rayt.com\/ca\/wp-json\/wp\/v2\/product\/2847"}],"collection":[{"href":"https:\/\/rayt.com\/ca\/wp-json\/wp\/v2\/product"}],"about":[{"href":"https:\/\/rayt.com\/ca\/wp-json\/wp\/v2\/types\/product"}],"replies":[{"embeddable":true,"href":"https:\/\/rayt.com\/ca\/wp-json\/wp\/v2\/comments?post=2847"}],"wp:featuredmedia":[{"embeddable":true,"href":"https:\/\/rayt.com\/ca\/wp-json\/wp\/v2\/media\/2833"}],"wp:attachment":[{"href":"https:\/\/rayt.com\/ca\/wp-json\/wp\/v2\/media?parent=2847"}],"wp:term":[{"taxonomy":"product_cat","embeddable":true,"href":"https:\/\/rayt.com\/ca\/wp-json\/wp\/v2\/product_cat?post=2847"},{"taxonomy":"product_tag","embeddable":true,"href":"https:\/\/rayt.com\/ca\/wp-json\/wp\/v2\/product_tag?post=2847"}],"curies":[{"name":"wp","href":"https:\/\/api.w.org\/{rel}","templated":true}]}}