{"id":2850,"date":"2020-11-03T10:33:37","date_gmt":"2020-12-11T09:45:45","guid":{"rendered":"http:\/\/rayt.com\/?post_type=product&#038;p=2850"},"modified":"2021-02-18T10:57:27","modified_gmt":"2021-02-18T10:57:27","slug":"g-6462-bt","status":"publish","type":"product","link":"https:\/\/rayt.com\/ca\/producto\/g-6462-bt\/","title":{"rendered":"G-6462-BT"},"content":{"rendered":"<p>HOT-MELT DE BAIXA TEMPERATURA D&#8217;APLICACI\u00d3 PER TANCAR CAIXES DE CARTR\u00d3.<br \/>\nAdhesiu per formar i tancar caixes, safates i estoigs de cartr\u00f3 en m\u00e0quines autom\u00e0tiques.<br \/>\nBona adhesi\u00f3 sobre diferents tipus de paper i cartr\u00f3.<\/p>\n<h4>CARACTER\u00cdSTIQUES<\/h4>\n<p>Formaci\u00f3 i tancament de caixes, safates i estoigs de cartr\u00f3 en m\u00e0quines autom\u00e0tiques.<br \/>\nNo es recomana per a materials que hagin d&#8217;estar en condicions de temperatura extremes (congelats, envasat en calent etc.).<br \/>\nBona adhesi\u00f3 sobre diferents tipus de paper i cartr\u00f3.<br \/>\nAplicaci\u00f3 a temperatures 40 -50\u00baC inferiors a les habituals.<br \/>\nTemperatura d&#8217;aplicaci\u00f3: 120-140\u00baC.<br \/>\nCompleix amb FDA 175.105 per a contacte indirecte amb aliments.<\/p>\n","protected":false},"excerpt":{"rendered":"<p>HOT-MELT DE BAIXA TEMPERATURA D&#8217;APLICACI\u00d3 PER TANCAR CAIXES DE CARTR\u00d3.<\/p>\n","protected":false},"featured_media":2851,"comment_status":"open","ping_status":"closed","template":"","meta":{"_acf_changed":false},"product_cat":[1011,1089,976,979,654,675,651,745,997,678,657,681,1780,1764,1281,1288,1587,1617,1619,1666,1705,600,973,1008,1786,1014],"product_tag":[],"acf":[],"_links":{"self":[{"href":"https:\/\/rayt.com\/ca\/wp-json\/wp\/v2\/product\/2850"}],"collection":[{"href":"https:\/\/rayt.com\/ca\/wp-json\/wp\/v2\/product"}],"about":[{"href":"https:\/\/rayt.com\/ca\/wp-json\/wp\/v2\/types\/product"}],"replies":[{"embeddable":true,"href":"https:\/\/rayt.com\/ca\/wp-json\/wp\/v2\/comments?post=2850"}],"wp:featuredmedia":[{"embeddable":true,"href":"https:\/\/rayt.com\/ca\/wp-json\/wp\/v2\/media\/2851"}],"wp:attachment":[{"href":"https:\/\/rayt.com\/ca\/wp-json\/wp\/v2\/media?parent=2850"}],"wp:term":[{"taxonomy":"product_cat","embeddable":true,"href":"https:\/\/rayt.com\/ca\/wp-json\/wp\/v2\/product_cat?post=2850"},{"taxonomy":"product_tag","embeddable":true,"href":"https:\/\/rayt.com\/ca\/wp-json\/wp\/v2\/product_tag?post=2850"}],"curies":[{"name":"wp","href":"https:\/\/api.w.org\/{rel}","templated":true}]}}