{"id":2862,"date":"2020-11-03T10:38:58","date_gmt":"2020-12-11T10:16:53","guid":{"rendered":"http:\/\/rayt.com\/?post_type=product&#038;p=2862"},"modified":"2021-02-19T15:19:48","modified_gmt":"2021-02-19T15:19:48","slug":"g-6470-future","status":"publish","type":"product","link":"https:\/\/rayt.com\/ca\/producto\/g-6470-future\/","title":{"rendered":"G-6470 FUTURE"},"content":{"rendered":"<p>HOT-MELT BLANC D&#8217;ALT RENDIMENT PER CAIXES DIF\u00cdCILS I DE CONGELATS.<br \/>\nAdhesiu adequat per al format i tancat de caixes de cartr\u00f3 en m\u00e0quines autom\u00e0tiques. Adequat tamb\u00e9 per estoigs i formaci\u00f3 de caixes &#8220;wrap-around&#8221;.<\/p>\n<h4>CARACTER\u00cdSTIQUES<\/h4>\n<p>Tancament i formaci\u00f3 de caixes de cartr\u00f3 en m\u00e0quines autom\u00e0tiques.<br \/>\nCompleix amb FDA 175.105 per a contacte indirecte amb aliments.<br \/>\nFormaci\u00f3 de caixes en m\u00e0quines &#8220;wrap-around&#8221;.<br \/>\nTemperatura d&#8217;aplicaci\u00f3: 160-180\u00baC.<br \/>\nExcel\u00b7lent estabilitat t\u00e8rmica.<br \/>\nMolt baix nivell d&#8217;olor.<br \/>\nEstoigs.<\/p>\n","protected":false},"excerpt":{"rendered":"<p>HOT-MELT BLANC D&#8217;ALT RENDIMENT PER CAIXES DIF\u00cdCILS I DE CONGELATS.<\/p>\n","protected":false},"featured_media":2863,"comment_status":"open","ping_status":"closed","template":"","meta":{"_acf_changed":false},"product_cat":[1011,1089,976,979,654,675,651,745,997,989,678,657,681,1780,1767,1281,1288,1587,1617,1619,1666,1705,1764,600,973,1008,1786,988,1014],"product_tag":[],"acf":[],"_links":{"self":[{"href":"https:\/\/rayt.com\/ca\/wp-json\/wp\/v2\/product\/2862"}],"collection":[{"href":"https:\/\/rayt.com\/ca\/wp-json\/wp\/v2\/product"}],"about":[{"href":"https:\/\/rayt.com\/ca\/wp-json\/wp\/v2\/types\/product"}],"replies":[{"embeddable":true,"href":"https:\/\/rayt.com\/ca\/wp-json\/wp\/v2\/comments?post=2862"}],"wp:featuredmedia":[{"embeddable":true,"href":"https:\/\/rayt.com\/ca\/wp-json\/wp\/v2\/media\/2863"}],"wp:attachment":[{"href":"https:\/\/rayt.com\/ca\/wp-json\/wp\/v2\/media?parent=2862"}],"wp:term":[{"taxonomy":"product_cat","embeddable":true,"href":"https:\/\/rayt.com\/ca\/wp-json\/wp\/v2\/product_cat?post=2862"},{"taxonomy":"product_tag","embeddable":true,"href":"https:\/\/rayt.com\/ca\/wp-json\/wp\/v2\/product_tag?post=2862"}],"curies":[{"name":"wp","href":"https:\/\/api.w.org\/{rel}","templated":true}]}}