{"id":2878,"date":"2020-11-03T10:41:32","date_gmt":"2020-12-11T10:31:55","guid":{"rendered":"http:\/\/rayt.com\/?post_type=product&#038;p=2878"},"modified":"2021-02-19T15:21:31","modified_gmt":"2021-02-19T15:21:31","slug":"g-6492-rr","status":"publish","type":"product","link":"https:\/\/rayt.com\/ca\/producto\/g-6492-rr\/","title":{"rendered":"G-6492-RR"},"content":{"rendered":"<p>HOT-MELT MOLT R\u00c0PID PER FORMACI\u00d3 I TANCAT DE CAIXES EN AMBIENTS CALOROSOS.<br \/>\nAdhesiu adequat per al format i tancat de caixes de cartr\u00f3. Les seves caracter\u00edstiques li aporten una gran versatilitat, sent possible l&#8217;encolat de cartrons tractats i no tractats.<br \/>\nAlta velocitat d&#8217;enduriment, idoni per a temperatures ambient altes.<\/p>\n<h4>CARACTER\u00cdSTIQUES<\/h4>\n<p>Molt adequat per a la formaci\u00f3 de safates horto-frut\u00edcoles quan la temperatura ambient \u00e9s elevada.<br \/>\nBona adhesi\u00f3 sobre cartrons compactes o amb tractament anti-humitat.<br \/>\nElevada versatilitat: \u00e9s possible encolar cartrons tractats i sense tractar.<br \/>\nCompleix amb FDA 175.105 per a contacte indirecte amb aliments.<br \/>\nTancat i formaci\u00f3 de caixes de cartr\u00f3 en m\u00e0quines autom\u00e0tiques.<br \/>\nTemperatura d&#8217;aplicaci\u00f3: 160-180\u00baC.<br \/>\nViscositat baixa.<\/p>\n","protected":false},"excerpt":{"rendered":"<p>HOT-MELT MOLT R\u00c0PID PER FORMACI\u00d3 I TANCAT DE CAIXES EN<\/p>\n","protected":false},"featured_media":2833,"comment_status":"open","ping_status":"closed","template":"","meta":{"_acf_changed":false},"product_cat":[1011,1089,976,979,660,654,675,651,663,745,997,989,678,669,666,672,657,681,1281,1764,1705,1666,1619,1617,1614,1612,1610,1608,1587,1288,1767,1780,600,973,1008,1786,988,1014],"product_tag":[],"acf":[],"_links":{"self":[{"href":"https:\/\/rayt.com\/ca\/wp-json\/wp\/v2\/product\/2878"}],"collection":[{"href":"https:\/\/rayt.com\/ca\/wp-json\/wp\/v2\/product"}],"about":[{"href":"https:\/\/rayt.com\/ca\/wp-json\/wp\/v2\/types\/product"}],"replies":[{"embeddable":true,"href":"https:\/\/rayt.com\/ca\/wp-json\/wp\/v2\/comments?post=2878"}],"wp:featuredmedia":[{"embeddable":true,"href":"https:\/\/rayt.com\/ca\/wp-json\/wp\/v2\/media\/2833"}],"wp:attachment":[{"href":"https:\/\/rayt.com\/ca\/wp-json\/wp\/v2\/media?parent=2878"}],"wp:term":[{"taxonomy":"product_cat","embeddable":true,"href":"https:\/\/rayt.com\/ca\/wp-json\/wp\/v2\/product_cat?post=2878"},{"taxonomy":"product_tag","embeddable":true,"href":"https:\/\/rayt.com\/ca\/wp-json\/wp\/v2\/product_tag?post=2878"}],"curies":[{"name":"wp","href":"https:\/\/api.w.org\/{rel}","templated":true}]}}