{"id":2881,"date":"2020-11-03T10:44:04","date_gmt":"2020-12-11T10:45:28","guid":{"rendered":"http:\/\/rayt.com\/?post_type=product&#038;p=2881"},"modified":"2021-02-19T15:23:08","modified_gmt":"2021-02-19T15:23:08","slug":"g-659-blanco","status":"publish","type":"product","link":"https:\/\/rayt.com\/ca\/producto\/g-659-blanco\/","title":{"rendered":"G-659-BLANCO"},"content":{"rendered":"<p>HOT-MELT BLANC R\u00c0PID PER FORMACI\u00d3 I TANCAT DE CAIXES.<br \/>\nAdhesiu d&#8217;alta qualitat, indicat per al format i tancat de caixes de cartr\u00f3 en m\u00e0quines autom\u00e0tiques.<br \/>\nEspecialment indicat per a l\u00ednies d&#8217;alta velocitat i caixes &#8220;wrap-around&#8221;.<\/p>\n<h4>CARACTER\u00cdSTIQUES<\/h4>\n<p>Tancat i formaci\u00f3 de caixes de cartr\u00f3 en m\u00e0quines autom\u00e0tiques.<br \/>\nCompleix amb FDA 175.105 per a contacte indirecte amb aliments.<br \/>\nTemperatura d&#8217;aplicaci\u00f3: 160-180\u00baC.<br \/>\nExcel\u00b7lent estabilitat t\u00e8rmica.<br \/>\nMolt baix nivell d&#8217;olor.<br \/>\nEstoigs.<\/p>\n","protected":false},"excerpt":{"rendered":"<p>HOT-MELT BLANC R\u00c0PID PER FORMACI\u00d3 I TANCAT DE CAIXES. Adhesiu<\/p>\n","protected":false},"featured_media":2882,"comment_status":"open","ping_status":"closed","template":"","meta":{"_acf_changed":false},"product_cat":[1011,1089,976,979,660,654,675,651,663,745,997,989,678,669,666,672,657,681,1281,1764,1705,1666,1619,1617,1614,1612,1610,1608,1587,1288,1767,1780,600,973,1008,1786,988,1014],"product_tag":[],"acf":[],"_links":{"self":[{"href":"https:\/\/rayt.com\/ca\/wp-json\/wp\/v2\/product\/2881"}],"collection":[{"href":"https:\/\/rayt.com\/ca\/wp-json\/wp\/v2\/product"}],"about":[{"href":"https:\/\/rayt.com\/ca\/wp-json\/wp\/v2\/types\/product"}],"replies":[{"embeddable":true,"href":"https:\/\/rayt.com\/ca\/wp-json\/wp\/v2\/comments?post=2881"}],"wp:featuredmedia":[{"embeddable":true,"href":"https:\/\/rayt.com\/ca\/wp-json\/wp\/v2\/media\/2882"}],"wp:attachment":[{"href":"https:\/\/rayt.com\/ca\/wp-json\/wp\/v2\/media?parent=2881"}],"wp:term":[{"taxonomy":"product_cat","embeddable":true,"href":"https:\/\/rayt.com\/ca\/wp-json\/wp\/v2\/product_cat?post=2881"},{"taxonomy":"product_tag","embeddable":true,"href":"https:\/\/rayt.com\/ca\/wp-json\/wp\/v2\/product_tag?post=2881"}],"curies":[{"name":"wp","href":"https:\/\/api.w.org\/{rel}","templated":true}]}}